{"id":190,"date":"2025-10-30T17:20:34","date_gmt":"2025-10-30T16:20:34","guid":{"rendered":"https:\/\/www.luminosus.sk\/?page_id=190"},"modified":"2025-11-11T10:15:01","modified_gmt":"2025-11-11T09:15:01","slug":"studijna-navsteva-staff-mobility-2025","status":"publish","type":"page","link":"https:\/\/www.luminosus.sk\/en\/studijna-navsteva-staff-mobility-2025\/","title":{"rendered":"Staff mobility - Staff mobility 2025"},"content":{"rendered":"<figure class=\"wp-block-image size-full\"><img loading=\"lazy\" decoding=\"async\" width=\"676\" height=\"194\" src=\"https:\/\/www.luminosus.sk\/wp-content\/uploads\/2025\/10\/Erasmus-logo.png\" alt=\"\" class=\"wp-image-214\" srcset=\"https:\/\/www.luminosus.sk\/wp-content\/uploads\/2025\/10\/Erasmus-logo.png 676w, https:\/\/www.luminosus.sk\/wp-content\/uploads\/2025\/10\/Erasmus-logo-300x86.png 300w\" sizes=\"auto, (max-width: 676px) 100vw, 676px\" \/><\/figure>\n\n\n\n<p>As part of this mobility, two representatives of the organization \u2013 Mgr. Edina Megyesiov\u00e1 and Mgr. Annam\u00e1ria B\u00e1lint \u2013 traveled to the city of Ny\u00edregyh\u00e1za in Hungary, where they visited the cooperating organization Kultur\u00e1lis \u00c9let\u00e9r\u00e9rt K\u00f6zhaszn\u00fa Egyes\u00fclet. This organization cooperates closely with the local government and implements activities for young people in the region.<\/p>\n\n\n\n<p>The mobility had two main objectives:<\/p>\n\n\n\n<ol class=\"wp-block-list\">\n<li>To find out how young people\u2019s initiatives reach local decision-making bodies and how their needs are reflected in specific municipal measures.<\/li>\n\n\n\n<li>To examine the way of working with volunteers within the framework of the ESC (European Solidarity Corps) program.<\/li>\n<\/ol>\n\n\n\n<p>The visit also included participation in the activities of the local radio Must\u00e1rFM, where ESC volunteers cooperate with local young people in the preparation and broadcasting of programs. The delegation had the opportunity to see the process of creating a radio program, the technical background and the way volunteers cooperate.<\/p>\n\n\n\n<p class=\"translation-block\">In the afternoon, there was an <strong>informal meeting with local youth<\/strong>, several of whom had already participated in the activities of Luminosus n.o. The experience, feedback and possibilities for further cooperation were discussed.<\/p>\n\n\n\nngg_shortcode_0_placeholder","protected":false},"excerpt":{"rendered":"<p>V r\u00e1mci tejto mobility vycestovali dvaja z\u00e1stupcovia organiz\u00e1cie \u2013 Mgr. Edina Megyesiov\u00e1 a Mgr. Annam\u00e1ria B\u00e1lint \u2013 do mesta Ny\u00edregyh\u00e1za v Ma\u010farsku, kde nav\u0161t\u00edvili spolupracuj\u00facu organiz\u00e1ciu Kultur\u00e1lis \u00c9let\u00e9r\u00e9rt K\u00f6zhaszn\u00fa Egyes\u00fclet. T\u00e1to organiz\u00e1cia \u00fazko spolupracuje s miestnou samospr\u00e1vou a realizuje aktivity pre mlad\u00fdch v regi\u00f3ne. Mobilita mala dva hlavn\u00e9 ciele: S\u00fa\u010das\u0165ou n\u00e1v\u0161tevy bola aj \u00fa\u010das\u0165 na [&hellip;]<\/p>","protected":false},"author":1,"featured_media":0,"parent":0,"menu_order":0,"comment_status":"closed","ping_status":"closed","template":"page-with-title","meta":{"ngg_post_thumbnail":0,"footnotes":""},"class_list":["post-190","page","type-page","status-publish","hentry"],"aioseo_notices":[],"_links":{"self":[{"href":"https:\/\/www.luminosus.sk\/en\/wp-json\/wp\/v2\/pages\/190","targetHints":{"allow":["GET"]}}],"collection":[{"href":"https:\/\/www.luminosus.sk\/en\/wp-json\/wp\/v2\/pages"}],"about":[{"href":"https:\/\/www.luminosus.sk\/en\/wp-json\/wp\/v2\/types\/page"}],"author":[{"embeddable":true,"href":"https:\/\/www.luminosus.sk\/en\/wp-json\/wp\/v2\/users\/1"}],"replies":[{"embeddable":true,"href":"https:\/\/www.luminosus.sk\/en\/wp-json\/wp\/v2\/comments?post=190"}],"version-history":[{"count":4,"href":"https:\/\/www.luminosus.sk\/en\/wp-json\/wp\/v2\/pages\/190\/revisions"}],"predecessor-version":[{"id":1161,"href":"https:\/\/www.luminosus.sk\/en\/wp-json\/wp\/v2\/pages\/190\/revisions\/1161"}],"wp:attachment":[{"href":"https:\/\/www.luminosus.sk\/en\/wp-json\/wp\/v2\/media?parent=190"}],"curies":[{"name":"wp","href":"https:\/\/api.w.org\/{rel}","templated":true}]}}