{"id":201,"date":"2025-10-30T18:55:01","date_gmt":"2025-10-30T17:55:01","guid":{"rendered":"https:\/\/www.luminosus.sk\/?page_id=201"},"modified":"2025-11-11T09:29:11","modified_gmt":"2025-11-11T08:29:11","slug":"erasmus-mladeznicka-vymena-2023-1-sk02-ka151-you-000136365-a4-road-to-success-2024","status":"publish","type":"page","link":"https:\/\/www.luminosus.sk\/en\/erasmus-mladeznicka-vymena-2023-1-sk02-ka151-you-000136365-a4-road-to-success-2024\/","title":{"rendered":"ERASMUS + YOUTH EXCHANGE \u2013 2023-1-SK02-KA151-YOU-000136365  A4 \u2013 Road to Success 2024"},"content":{"rendered":"<figure class=\"wp-block-image aligncenter size-full\"><img loading=\"lazy\" decoding=\"async\" width=\"449\" height=\"449\" src=\"https:\/\/www.luminosus.sk\/wp-content\/uploads\/2025\/10\/road-to-success_poster.png\" alt=\"\" class=\"wp-image-213\" srcset=\"https:\/\/www.luminosus.sk\/wp-content\/uploads\/2025\/10\/road-to-success_poster.png 449w, https:\/\/www.luminosus.sk\/wp-content\/uploads\/2025\/10\/road-to-success_poster-300x300.png 300w, https:\/\/www.luminosus.sk\/wp-content\/uploads\/2025\/10\/road-to-success_poster-150x150.png 150w\" sizes=\"auto, (max-width: 449px) 100vw, 449px\" \/><\/figure>\n\n\n\n<figure class=\"wp-block-image size-full\"><img loading=\"lazy\" decoding=\"async\" width=\"676\" height=\"194\" src=\"https:\/\/www.luminosus.sk\/wp-content\/uploads\/2025\/10\/Erasmus-logo.png\" alt=\"\" class=\"wp-image-214\" srcset=\"https:\/\/www.luminosus.sk\/wp-content\/uploads\/2025\/10\/Erasmus-logo.png 676w, https:\/\/www.luminosus.sk\/wp-content\/uploads\/2025\/10\/Erasmus-logo-300x86.png 300w\" sizes=\"auto, (max-width: 676px) 100vw, 676px\" \/><\/figure>\n\n\n\n<p>The 4th youth exchange entitled \"Road to success\" took place from 11-16.3.2024, and was attended by 44 young people aged 15-18.<\/p>\n\n\n\n<p>The aim of this youth exchange was to provide participants with knowledge that will help them successfully establish themselves in the labor market.<\/p>\n\n\n\n<p>The objectives of the 4th youth exchange were:<\/p>\n\n\n\n<p>\u2013 improving effective communication<br>\u2013 improving assertiveness<br>\u2013 strengthening and developing personal competencies<br>\u2013 successfully writing a CV, motivation letter, business card<br>\u2013 strengthening European identity among young people<\/p>\n\n\n\nngg_shortcode_0_placeholder","protected":false},"excerpt":{"rendered":"<p>V term\u00edne 11-16.3.2024 sa uskuto\u010dnila 4. ml\u00e1de\u017en\u00edcka v\u00fdmena s n\u00e1zvom \u201eRoad to success\u201d, ktorej sa z\u00fa\u010dastnilo 44 mlad\u00fdch vo vekovom rozmedz\u00ed 15-18 rokov. Cie\u013eom tejto ml\u00e1de\u017en\u00edckej v\u00fdmeny bolo poskytn\u00fa\u0165 \u00fa\u010dastn\u00edkom poznatky, ktor\u00e9 im pom\u00f4\u017eu \u00faspe\u0161ne sa presadi\u0165 na trhu pr\u00e1ce. Ciele 4.ml\u00e1de\u017en\u00edckej v\u00fdmeny teda boli: &#8211; zlep\u0161enie efekt\u00edvnej komunik\u00e1cie&#8211; zlep\u0161enie asertivity&#8211; posilnenie a rozvoj osobnostn\u00fdch [&hellip;]<\/p>","protected":false},"author":1,"featured_media":0,"parent":0,"menu_order":0,"comment_status":"closed","ping_status":"closed","template":"page-with-title","meta":{"ngg_post_thumbnail":0,"footnotes":""},"class_list":["post-201","page","type-page","status-publish","hentry"],"aioseo_notices":[],"_links":{"self":[{"href":"https:\/\/www.luminosus.sk\/en\/wp-json\/wp\/v2\/pages\/201","targetHints":{"allow":["GET"]}}],"collection":[{"href":"https:\/\/www.luminosus.sk\/en\/wp-json\/wp\/v2\/pages"}],"about":[{"href":"https:\/\/www.luminosus.sk\/en\/wp-json\/wp\/v2\/types\/page"}],"author":[{"embeddable":true,"href":"https:\/\/www.luminosus.sk\/en\/wp-json\/wp\/v2\/users\/1"}],"replies":[{"embeddable":true,"href":"https:\/\/www.luminosus.sk\/en\/wp-json\/wp\/v2\/comments?post=201"}],"version-history":[{"count":2,"href":"https:\/\/www.luminosus.sk\/en\/wp-json\/wp\/v2\/pages\/201\/revisions"}],"predecessor-version":[{"id":853,"href":"https:\/\/www.luminosus.sk\/en\/wp-json\/wp\/v2\/pages\/201\/revisions\/853"}],"wp:attachment":[{"href":"https:\/\/www.luminosus.sk\/en\/wp-json\/wp\/v2\/media?parent=201"}],"curies":[{"name":"wp","href":"https:\/\/api.w.org\/{rel}","templated":true}]}}