{"id":394,"date":"2025-10-31T11:06:12","date_gmt":"2025-10-31T10:06:12","guid":{"rendered":"https:\/\/www.luminosus.sk\/?page_id=394"},"modified":"2025-11-11T13:20:03","modified_gmt":"2025-11-11T12:20:03","slug":"erasmus-mladeznicka-vymena-ifuture-2018","status":"publish","type":"page","link":"https:\/\/www.luminosus.sk\/en\/erasmus-mladeznicka-vymena-ifuture-2018\/","title":{"rendered":"ERASMUS+ YOUTH EXCHANGE - 2017-3-SK02-KA105-001572 - IFUTURE 2018"},"content":{"rendered":"<figure class=\"wp-block-image aligncenter size-full\"><img loading=\"lazy\" decoding=\"async\" width=\"468\" height=\"201\" src=\"https:\/\/www.luminosus.sk\/wp-content\/uploads\/2025\/10\/34663088_10213897748252742_1054809629634068480_n.jpg\" alt=\"\" class=\"wp-image-396\" srcset=\"https:\/\/www.luminosus.sk\/wp-content\/uploads\/2025\/10\/34663088_10213897748252742_1054809629634068480_n.jpg 468w, https:\/\/www.luminosus.sk\/wp-content\/uploads\/2025\/10\/34663088_10213897748252742_1054809629634068480_n-300x129.jpg 300w\" sizes=\"auto, (max-width: 468px) 100vw, 468px\" \/><\/figure>\n\n\n\n<figure class=\"wp-block-image size-full\"><img loading=\"lazy\" decoding=\"async\" width=\"676\" height=\"194\" src=\"https:\/\/www.luminosus.sk\/wp-content\/uploads\/2025\/10\/Erasmus-logo.png\" alt=\"\" class=\"wp-image-214\" srcset=\"https:\/\/www.luminosus.sk\/wp-content\/uploads\/2025\/10\/Erasmus-logo.png 676w, https:\/\/www.luminosus.sk\/wp-content\/uploads\/2025\/10\/Erasmus-logo-300x86.png 300w\" sizes=\"auto, (max-width: 676px) 100vw, 676px\" \/><\/figure>\n\n\n\n<p>The youth exchange called IFuture took place in Slovakia between 18-23 June 2018, organized by the non-profit organization Luminosus. The exchange was attended by 41 participants, including three volunteers from Hungary, Poland, Ukraine and Slovakia. The topic of the project was renewable energy sources and environmental issues, which are very important today and are in line with the goals of Erasmus +, as well as the goals of the European Union.<\/p>\n\n\n\n<p>The aim of our project was to enable young people to become familiar with the importance and potential of renewable energy sources, to create an ecological approach in them, and at the same time to strengthen their European identity and intercultural awareness.<\/p>\n\n\n\n<p>Project objectives:<br>\u2013 to make young people live more ecologically<br>\u2013 to learn about renewable energy sources<br>\u2013 to obtain information about the use, benefits and returns of renewable energy<br>\u2013 to learn about environmental processes (global warming, greenhouse effect) and develop an approach to environmental protection<br>\u2013 to develop European identity and intercultural awareness<\/p>\n\n\n\n<p>The programs were focused on renewable energy sources. The above programs served to achieve the set goals of the project.<\/p>\n\n\n\n<p class=\"translation-block\">Main programme elements of the project:<br>- dating games<br>- green activity<br>- introduction of the organisations<br>- Youthpass system, description of key competences<br>- watching the film \u201eBefore the flood\u201d<br>- interactive discussion about the film using \u201emind mapping\u201d<br>- exploring types of energy through articles, videos, preparing posters<br>- a quiz on renewable energy<br>- a visit to a passive house<br>- a visit to a solar park<br>- the preparation of a website that will provide information on the youth exchange carried out as well as important information on renewable energy.<br>- international parties<\/p>\n\n\n\nngg_shortcode_0_placeholder","protected":false},"excerpt":{"rendered":"<p>Ml\u00e1de\u017en\u00edcka v\u00fdmena s n\u00e1zvom IFuture sa konala na Slovensku medzi 18.-23. j\u00fana 2018, ktor\u00fa organizovala neziskov\u00e1 organiz\u00e1cia Luminosus. V\u00fdmeny sa z\u00fa\u010dastnilo 41 \u00fa\u010dastn\u00edkov, vr\u00e1tane troch dobrovo\u013en\u00edkov z Ma\u010farska, Po\u013eska, Ukrajiny a Slovenska. T\u00e9mou projektu boli obnovite\u013en\u00e9 zdroje energie a environment\u00e1lne probl\u00e9my, ktor\u00e9 s\u00fa dnes ve\u013emi d\u00f4le\u017eit\u00e9 a s\u00fa v s\u00falade s cie\u013emi Erasmus +, ako [&hellip;]<\/p>","protected":false},"author":1,"featured_media":0,"parent":0,"menu_order":0,"comment_status":"closed","ping_status":"closed","template":"page-with-title","meta":{"ngg_post_thumbnail":0,"footnotes":""},"class_list":["post-394","page","type-page","status-publish","hentry"],"aioseo_notices":[],"_links":{"self":[{"href":"https:\/\/www.luminosus.sk\/en\/wp-json\/wp\/v2\/pages\/394","targetHints":{"allow":["GET"]}}],"collection":[{"href":"https:\/\/www.luminosus.sk\/en\/wp-json\/wp\/v2\/pages"}],"about":[{"href":"https:\/\/www.luminosus.sk\/en\/wp-json\/wp\/v2\/types\/page"}],"author":[{"embeddable":true,"href":"https:\/\/www.luminosus.sk\/en\/wp-json\/wp\/v2\/users\/1"}],"replies":[{"embeddable":true,"href":"https:\/\/www.luminosus.sk\/en\/wp-json\/wp\/v2\/comments?post=394"}],"version-history":[{"count":3,"href":"https:\/\/www.luminosus.sk\/en\/wp-json\/wp\/v2\/pages\/394\/revisions"}],"predecessor-version":[{"id":1172,"href":"https:\/\/www.luminosus.sk\/en\/wp-json\/wp\/v2\/pages\/394\/revisions\/1172"}],"wp:attachment":[{"href":"https:\/\/www.luminosus.sk\/en\/wp-json\/wp\/v2\/media?parent=394"}],"curies":[{"name":"wp","href":"https:\/\/api.w.org\/{rel}","templated":true}]}}