{"id":425,"date":"2025-10-31T11:15:45","date_gmt":"2025-10-31T10:15:45","guid":{"rendered":"https:\/\/www.luminosus.sk\/?page_id=425"},"modified":"2025-11-11T13:19:35","modified_gmt":"2025-11-11T12:19:35","slug":"erasmus-mladeznicka-vymena-digital-diet-2018","status":"publish","type":"page","link":"https:\/\/www.luminosus.sk\/en\/erasmus-mladeznicka-vymena-digital-diet-2018\/","title":{"rendered":"ERASMUS+ YOUTH EXCHANGE \u2013 2017-3-SK02-KA105-001572 \u2013 DIGITAL DIET 2018"},"content":{"rendered":"<figure class=\"wp-block-image aligncenter size-full\"><img loading=\"lazy\" decoding=\"async\" width=\"468\" height=\"290\" src=\"https:\/\/www.luminosus.sk\/wp-content\/uploads\/2025\/10\/digital-diet.png\" alt=\"\" class=\"wp-image-426\" srcset=\"https:\/\/www.luminosus.sk\/wp-content\/uploads\/2025\/10\/digital-diet.png 468w, https:\/\/www.luminosus.sk\/wp-content\/uploads\/2025\/10\/digital-diet-300x186.png 300w\" sizes=\"auto, (max-width: 468px) 100vw, 468px\" \/><\/figure>\n\n\n\n<figure class=\"wp-block-image size-full\"><img loading=\"lazy\" decoding=\"async\" width=\"676\" height=\"194\" src=\"https:\/\/www.luminosus.sk\/wp-content\/uploads\/2025\/10\/Erasmus-logo.png\" alt=\"\" class=\"wp-image-214\" srcset=\"https:\/\/www.luminosus.sk\/wp-content\/uploads\/2025\/10\/Erasmus-logo.png 676w, https:\/\/www.luminosus.sk\/wp-content\/uploads\/2025\/10\/Erasmus-logo-300x86.png 300w\" sizes=\"auto, (max-width: 676px) 100vw, 676px\" \/><\/figure>\n\n\n\n<p>The project had two activities for young people aged 15-25.<\/p>\n\n\n\n<p>Most of the students study at a secondary vocational school or gymnasium. 11 young people from each country participated. Activity A1 took place in Ve\u013ek\u00e9 Kapu\u0161any with participants from Slovakia, Poland and Romania. Activity A2 took place in Romania, in the city of Sfantu Gheorghe with participants from the aforementioned countries. The aim of the project was to show young people that there is life outside of digital devices and that they should use their time much more wisely and in a more planned way.<\/p>\n\n\n\n<p>With the activities, we wanted to encourage them to use digital devices correctly and only in the most necessary cases, instead of sharing all their activities and moments on social networks, to spend them with friends and loved ones. We wanted to point out that digital relationships cannot replace interpersonal relationships.<\/p>\n\n\n\n<p>About the project:<br><a href=\"https:\/\/www.facebook.com\/nikolka.koldusova\/posts\/1863528253671580\">https:\/\/www.facebook.com\/nikolka.koldusova\/posts\/1863528253671580<\/a><br>On Stv2 Hungarian Magazine (from 1:12)<\/p>\n\n\n\n<p><a href=\"http:\/\/www.rtvs.sk\/televizia\/archiv\/13131\/156350#74\">http:\/\/www.rtvs.sk\/televizia\/archiv\/13131\/156350#74<\/a><\/p>\n\n\n\n<p>Dissemination of the Polish partner:<br><a href=\"http:\/\/zsj.nowotarski.pl\/digital-diet-mlodziez-na-zagranicznej-wymianie\/\">http:\/\/zsj.nowotarski.pl\/digital-diet-mlodziez-na-zagranicznej-wymianie\/<\/a><br><a href=\"http:\/\/zsj.nowotarski.pl\/uczniowie-na-erasmusie-w-rumunii\/\">http:\/\/zsj.nowotarski.pl\/uczniowie-na-erasmusie-w-rumunii\/<\/a><\/p>\n\n\n\n<p>Photos on the Romanian partner's FB page:<br><a href=\"https:\/\/www.facebook.com\/karpatkanyar\">https:\/\/www.facebook.com\/karpatkanyar<\/a><\/p>\n\n\n\n<figure class=\"wp-block-embed is-type-video is-provider-youtube wp-block-embed-youtube wp-embed-aspect-16-9 wp-has-aspect-ratio\"><div class=\"wp-block-embed__wrapper\">\n<iframe loading=\"lazy\" title=\"Digital Diet\" width=\"500\" height=\"281\" src=\"https:\/\/www.youtube.com\/embed\/syviPrQ0xVU?feature=oembed\" frameborder=\"0\" allow=\"accelerometer; autoplay; clipboard-write; encrypted-media; gyroscope; picture-in-picture; web-share\" referrerpolicy=\"strict-origin-when-cross-origin\" allowfullscreen><\/iframe>\n<\/div><\/figure>\n\n\n\n<figure class=\"wp-block-embed is-type-video is-provider-youtube wp-block-embed-youtube wp-embed-aspect-16-9 wp-has-aspect-ratio\"><div class=\"wp-block-embed__wrapper\">\n<iframe loading=\"lazy\" title=\"Digital Diet_youth exchange\" width=\"500\" height=\"281\" src=\"https:\/\/www.youtube.com\/embed\/uQIeQNYt43o?feature=oembed\" frameborder=\"0\" allow=\"accelerometer; autoplay; clipboard-write; encrypted-media; gyroscope; picture-in-picture; web-share\" referrerpolicy=\"strict-origin-when-cross-origin\" allowfullscreen><\/iframe>\n<\/div><\/figure>\n\n\n\nngg_shortcode_0_placeholder","protected":false},"excerpt":{"rendered":"<p>Projekt mal dve aktivity pre mlad\u00fdch \u013eud\u00ed vo veku medzi 15-25 rokov. V\u00e4\u010d\u0161ina \u017eiakov \u0161tuduje na strednej odbornej \u0161kole alebo gymn\u00e1ziu. Z ka\u017edej krajiny sa z\u00fa\u010dastnil 11 mlad\u00fdch. Aktivita A1 sa konala vo Ve\u013ek\u00fdch Kapu\u0161anoch &nbsp;s \u00fa\u010dastn\u00edkmi zo Slovenska, Po\u013eska a Rumunska. Aktivita A2 sa konala v Rumunsku, v meste Sfantu Gheorghe s \u00fa\u010dastn\u00edkmi zo [&hellip;]<\/p>","protected":false},"author":1,"featured_media":0,"parent":0,"menu_order":0,"comment_status":"closed","ping_status":"closed","template":"page-with-title","meta":{"ngg_post_thumbnail":0,"footnotes":""},"class_list":["post-425","page","type-page","status-publish","hentry"],"aioseo_notices":[],"_links":{"self":[{"href":"https:\/\/www.luminosus.sk\/en\/wp-json\/wp\/v2\/pages\/425","targetHints":{"allow":["GET"]}}],"collection":[{"href":"https:\/\/www.luminosus.sk\/en\/wp-json\/wp\/v2\/pages"}],"about":[{"href":"https:\/\/www.luminosus.sk\/en\/wp-json\/wp\/v2\/types\/page"}],"author":[{"embeddable":true,"href":"https:\/\/www.luminosus.sk\/en\/wp-json\/wp\/v2\/users\/1"}],"replies":[{"embeddable":true,"href":"https:\/\/www.luminosus.sk\/en\/wp-json\/wp\/v2\/comments?post=425"}],"version-history":[{"count":3,"href":"https:\/\/www.luminosus.sk\/en\/wp-json\/wp\/v2\/pages\/425\/revisions"}],"predecessor-version":[{"id":1171,"href":"https:\/\/www.luminosus.sk\/en\/wp-json\/wp\/v2\/pages\/425\/revisions\/1171"}],"wp:attachment":[{"href":"https:\/\/www.luminosus.sk\/en\/wp-json\/wp\/v2\/media?parent=425"}],"curies":[{"name":"wp","href":"https:\/\/api.w.org\/{rel}","templated":true}]}}