{"id":1201,"date":"2025-11-21T13:34:50","date_gmt":"2025-11-21T12:34:50","guid":{"rendered":"https:\/\/www.luminosus.sk\/?page_id=1201"},"modified":"2025-11-21T14:01:56","modified_gmt":"2025-11-21T13:01:56","slug":"erasmus2026","status":"publish","type":"page","link":"https:\/\/www.luminosus.sk\/hu\/erasmus2026\/","title":{"rendered":"Erasmus+ 2026 \u2013 Szakmai mobilit\u00e1sok az \u00d6n iskol\u00e1j\u00e1nak"},"content":{"rendered":"<figure data-wp-context=\"{&quot;imageId&quot;:&quot;69f66605b1879&quot;}\" data-wp-interactive=\"core\/image\" data-wp-key=\"69f66605b1879\" class=\"wp-block-image aligncenter size-large wp-lightbox-container\"><img loading=\"lazy\" decoding=\"async\" width=\"1024\" height=\"724\" data-wp-class--hide=\"state.isContentHidden\" data-wp-class--show=\"state.isContentVisible\" data-wp-init=\"callbacks.setButtonStyles\" data-wp-on--click=\"actions.showLightbox\" data-wp-on--load=\"callbacks.setButtonStyles\" data-wp-on-window--resize=\"callbacks.setButtonStyles\" src=\"https:\/\/www.luminosus.sk\/wp-content\/uploads\/2025\/11\/Erasmus-A3-1024x724.png\" alt=\"\" class=\"wp-image-1202\" srcset=\"https:\/\/www.luminosus.sk\/wp-content\/uploads\/2025\/11\/Erasmus-A3-1024x724.png 1024w, https:\/\/www.luminosus.sk\/wp-content\/uploads\/2025\/11\/Erasmus-A3-300x212.png 300w, https:\/\/www.luminosus.sk\/wp-content\/uploads\/2025\/11\/Erasmus-A3-768x543.png 768w, https:\/\/www.luminosus.sk\/wp-content\/uploads\/2025\/11\/Erasmus-A3-1536x1086.png 1536w, https:\/\/www.luminosus.sk\/wp-content\/uploads\/2025\/11\/Erasmus-A3-18x12.png 18w, https:\/\/www.luminosus.sk\/wp-content\/uploads\/2025\/11\/Erasmus-A3.png 2000w\" sizes=\"auto, (max-width: 1024px) 100vw, 1024px\" \/><button\n\t\t\tclass=\"lightbox-trigger\"\n\t\t\ttype=\"button\"\n\t\t\taria-haspopup=\"dialog\"\n\t\t\taria-label=\"Nagy\u00edt\u00e1s\"\n\t\t\tdata-wp-init=\"callbacks.initTriggerButton\"\n\t\t\tdata-wp-on--click=\"actions.showLightbox\"\n\t\t\tdata-wp-style--right=\"state.imageButtonRight\"\n\t\t\tdata-wp-style--top=\"state.imageButtonTop\"\n\t\t>\n\t\t\t<svg xmlns=\"http:\/\/www.w3.org\/2000\/svg\" width=\"12\" height=\"12\" fill=\"none\" viewbox=\"0 0 12 12\">\n\t\t\t\t<path fill=\"#fff\" d=\"M2 0a2 2 0 0 0-2 2v2h1.5V2a.5.5 0 0 1 .5-.5h2V0H2Zm2 10.5H2a.5.5 0 0 1-.5-.5V8H0v2a2 2 0 0 0 2 2h2v-1.5ZM8 12v-1.5h2a.5.5 0 0 0 .5-.5V8H12v2a2 2 0 0 1-2 2H8Zm2-12a2 2 0 0 1 2 2v2h-1.5V2a.5.5 0 0 0-.5-.5H8V0h2Z\" \/>\n\t\t\t<\/svg>\n\t\t<\/button><\/figure>\n\n\n\n<p class=\"translation-block\">Megjelent a 2026-os Erasmus+ p\u00e1ly\u00e1zati felh\u00edv\u00e1s, amelynek keret\u00e9ben az \u00d6n iskol\u00e1ja is t\u00e1mogat\u00e1st kaphat a szakk\u00e9pz\u00e9si mobilit\u00e1s megval\u00f3s\u00edt\u00e1s\u00e1ra (di\u00e1kok \u00e9s tan\u00e1rok sz\u00e1m\u00e1ra).<\/p>\n\n\n\n<p><strong>A p\u00e1ly\u00e1zatok beny\u00fajt\u00e1s\u00e1nak hat\u00e1rideje: 2026. febru\u00e1r 19.<\/strong><\/p>\n\n\n\n<p><strong>A p\u00e1ly\u00e1zatok beny\u00fajt\u00e1sa: <a href=\"https:\/\/webgate.ec.europa.eu\/erasmus-esc\/index\">https:\/\/webgate.ec.europa.eu\/erasmus-esc\/index<\/a><\/strong><\/p>\n\n\n\n<hr class=\"wp-block-separator has-alpha-channel-opacity\"\/>\n\n\n\n<h3 class=\"wp-block-heading\">Kik vagyunk<\/h3>\n\n\n\n<p class=\"translation-block\">15 \u00e9ves tapasztalattal rendelkez\u00fcnk az Erasmus+ mobilit\u00e1si projektek ter\u00fclet\u00e9n. Seg\u00edtj\u00fck az iskol\u00e1kat a kezdeti \u00f6tlett\u0151l a projekt sikeres megval\u00f3s\u00edt\u00e1s\u00e1ig \u2013 a p\u00e1ly\u00e1zat el\u0151k\u00e9sz\u00edt\u00e9s\u00e9t\u0151l kezdve a k\u00fclf\u00f6ldi szakmai gyakorlatok megszervez\u00e9s\u00e9n \u00e1t eg\u00e9szen a z\u00e1r\u00f3\u00e9rt\u00e9kel\u00e9sig.<\/p>\n\n\n\n<p>Partnereink olyan iskol\u00e1k, szakk\u00e9pz\u0151 int\u00e9zm\u00e9nyek \u00e9s oktat\u00e1si int\u00e9zm\u00e9nyek, amelyek nemzetk\u00f6zi k\u00f6rnyezetben szeretn\u00e9nek gyakorlati tapasztalatot ny\u00fajtani di\u00e1kjaiknak \u00e9s tan\u00e1raiknak.<\/p>\n\n\n\n<hr class=\"wp-block-separator has-alpha-channel-opacity\"\/>\n\n\n\n<h3 class=\"wp-block-heading\">Mit k\u00edn\u00e1lunk<\/h3>\n\n\n\n<ul class=\"wp-block-list\">\n<li class=\"translation-block\">lehet\u0151s\u00e9get, hogy iskol\u00e1ja bekapcsol\u00f3djon az Erasmus+ szakmai mobilit\u00e1si programj\u00e1ba<\/li>\n\n\n\n<li class=\"translation-block\">10 vonz\u00f3 eur\u00f3pai nagyv\u00e1ros k\u00edn\u00e1latunkban<\/li>\n\n\n\n<li class=\"translation-block\">min\u0151s\u00e9gi gyakorlati munkahelyeket \u00e9s tapasztalt mentorokat k\u00fclf\u00f6ld\u00f6n<\/li>\n\n\n\n<li>t\u00e1mogat\u00e1s a projektk\u00e9relem elk\u00e9sz\u00edt\u00e9s\u00e9ben \u00e9s beny\u00fajt\u00e1s\u00e1ban<\/li>\n\n\n\n<li>adminisztrat\u00edv \u00e9s szervez\u00e9si t\u00e1mogat\u00e1s a projekt teljes id\u0151tartama alatt<\/li>\n<\/ul>\n\n\n\n<hr class=\"wp-block-separator has-alpha-channel-opacity\"\/>\n\n\n\n<p class=\"translation-block\">Ha fontol\u00f3ra veszi az Erasmus+ programban val\u00f3 r\u00e9szv\u00e9telt, vagy megb\u00edzhat\u00f3 partnert keres a mobilit\u00e1sok megval\u00f3s\u00edt\u00e1s\u00e1hoz, sz\u00edvesen seg\u00edt\u00fcnk \u00e9s v\u00e9gigvezetj\u00fck a teljes folyamaton<\/p>\n\n\n\n<p>T\u00f6ltse le az aktu\u00e1lis <mark style=\"background-color:rgba(0, 0, 0, 0)\" class=\"has-inline-color has-foreground-color\"><a href=\"https:\/\/www.luminosus.sk\/wp-content\/uploads\/2025\/11\/ERASMUS-2026-letak.pdf\" title=\"\"><strong><em>sz\u00f3r\u00f3lapunkat<\/em><\/strong>.<\/a><\/mark><\/p>\n\n\n\n<p>L\u00e9pjen kapcsolatba vel\u00fcnk, \u00e9s tudja meg, hogyan viheti el\u0151re iskol\u00e1j\u00e1t az Erasmus+ 2026.<\/p>\n\n\n\n<p>El\u00e9rhet\u0151s\u00e9g: +421948425645, <a href=\"mailto:office@luminosus.sk\">office@luminosus.sk<\/a><\/p>\n\n\n\n<p class=\"has-text-align-center\"><strong>Az \u0171rlap kit\u00f6lt\u00e9s\u00e9vel kifejezem \u00e9rdekl\u0151d\u00e9semet tov\u00e1bbi inform\u00e1ci\u00f3k\u00e9rt vagy egy online tal\u00e1lkoz\u00f3 ir\u00e1nt:<\/strong><\/p>\n\n\n<div class=\"wpforms-container wpforms-block wpforms-block-212d0a4a-83ad-47ab-911f-b323ab404400 wpforms-render-modern\" id=\"wpforms-30\"><form id=\"wpforms-form-30\" class=\"wpforms-validate wpforms-form wpforms-ajax-form\" data-formid=\"30\" method=\"post\" enctype=\"multipart\/form-data\" action=\"\/hu\/wp-json\/wp\/v2\/pages\/1201\" data-token=\"51ad0ff78a6cc2982c751fbe8789709c\" data-token-time=\"1777755653\" data-trp-original-action=\"\/hu\/wp-json\/wp\/v2\/pages\/1201\"><noscript class=\"wpforms-error-noscript\">Please enable JavaScript in your browser to complete this form.<\/noscript><div id=\"wpforms-error-noscript\" style=\"display: none;\">Please enable JavaScript in your browser to complete this form.<\/div><div class=\"wpforms-field-container\"><div id=\"wpforms-30-field_1-container\" class=\"wpforms-field wpforms-field-name\" data-field-id=\"1\"><label class=\"wpforms-field-label\" for=\"wpforms-30-field_1\">N\u00e9v <span class=\"wpforms-required-label\" aria-hidden=\"true\">*<\/span><\/label><input type=\"text\" id=\"wpforms-30-field_1\" class=\"wpforms-field-large wpforms-field-required\" name=\"wpforms[fields][1]\" aria-errormessage=\"wpforms-30-field_1-error\" required><\/div><div id=\"wpforms-30-field_3-container\" class=\"wpforms-field wpforms-field-text\" data-field-id=\"3\"><label class=\"wpforms-field-label\" for=\"wpforms-30-field_3\">Iskola <span class=\"wpforms-required-label\" aria-hidden=\"true\">*<\/span><\/label><input type=\"text\" id=\"wpforms-30-field_3\" class=\"wpforms-field-large wpforms-field-required\" name=\"wpforms[fields][3]\" aria-errormessage=\"wpforms-30-field_3-error\" required><\/div><div id=\"wpforms-30-field_4-container\" class=\"wpforms-field wpforms-field-email\" data-field-id=\"4\"><label class=\"wpforms-field-label\" for=\"wpforms-30-field_4\">Iskola honlapja <span class=\"wpforms-required-label\" aria-hidden=\"true\">*<\/span><\/label><input type=\"email\" id=\"wpforms-30-field_4\" class=\"wpforms-field-large wpforms-field-required\" name=\"wpforms[fields][4]\" spellcheck=\"false\" aria-errormessage=\"wpforms-30-field_4-error\" required><\/div>\t\t<div id=\"wpforms-30-field_6-container\"\n\t\t\tclass=\"wpforms-field wpforms-field-text\"\n\t\t\tdata-field-type=\"text\"\n\t\t\tdata-field-id=\"6\"\n\t\t\t>\n\t\t\t<label class=\"wpforms-field-label\" for=\"wpforms-30-field_6\" >Meno \u0160kola kontakt<\/label>\n\t\t\t<input type=\"text\" id=\"wpforms-30-field_6\" class=\"wpforms-field-medium\" name=\"wpforms[fields][6]\" >\n\t\t<\/div>\n\t\t<div id=\"wpforms-30-field_2-container\" class=\"wpforms-field wpforms-field-email\" data-field-id=\"2\"><label class=\"wpforms-field-label\" for=\"wpforms-30-field_2\">E-mail <span class=\"wpforms-required-label\" aria-hidden=\"true\">*<\/span><\/label><input type=\"email\" id=\"wpforms-30-field_2\" class=\"wpforms-field-large wpforms-field-required\" name=\"wpforms[fields][2]\" spellcheck=\"false\" aria-errormessage=\"wpforms-30-field_2-error\" required><\/div><div id=\"wpforms-30-field_5-container\" class=\"wpforms-field wpforms-field-email\" data-field-id=\"5\"><label class=\"wpforms-field-label\" for=\"wpforms-30-field_5\">Telefonos kapcsolat <span class=\"wpforms-required-label\" aria-hidden=\"true\">*<\/span><\/label><input type=\"email\" id=\"wpforms-30-field_5\" class=\"wpforms-field-large wpforms-field-required\" name=\"wpforms[fields][5]\" spellcheck=\"false\" aria-errormessage=\"wpforms-30-field_5-error\" required><\/div><script>\n\t\t\t\t( function() {\n\t\t\t\t\tconst style = document.createElement( 'style' );\n\t\t\t\t\tstyle.appendChild( document.createTextNode( '#wpforms-30-field_6-container { position: absolute !important; overflow: hidden !important; display: inline !important; height: 1px !important; width: 1px !important; z-index: -1000 !important; padding: 0 !important; } #wpforms-30-field_6-container input { visibility: hidden; } #wpforms-conversational-form-page #wpforms-30-field_6-container label { counter-increment: none; }' ) );\n\t\t\t\t\tdocument.head.appendChild( style );\n\t\t\t\t\tdocument.currentScript?.remove();\n\t\t\t\t} )();\n\t\t\t<\/script><\/div><!-- .wpforms-field-container --><div class=\"wpforms-submit-container\" ><input type=\"hidden\" name=\"wpforms[id]\" value=\"30\"><input type=\"hidden\" name=\"page_title\" value=\"\"><input type=\"hidden\" name=\"page_url\" value=\"https:\/\/www.luminosus.sk\/hu\/wp-json\/wp\/v2\/pages\/1201\"><input type=\"hidden\" name=\"url_referer\" value=\"\"><button type=\"submit\" name=\"wpforms[submit]\" id=\"wpforms-submit-30\" class=\"wpforms-submit\" data-alt-text=\"Sending...\" data-submit-text=\"Submit\" aria-live=\"assertive\" value=\"wpforms-submit\">K\u00fcld\u00e9s<\/button><img loading=\"lazy\" decoding=\"async\" src=\"https:\/\/www.luminosus.sk\/wp-content\/plugins\/wpforms-lite\/assets\/images\/submit-spin.svg\" class=\"wpforms-submit-spinner\" style=\"display: none;\" width=\"26\" height=\"26\" alt=\"Loading\"><\/div><input type=\"hidden\" name=\"trp-form-language\" value=\"hu\"\/><\/form><\/div>  <!-- .wpforms-container -->","protected":false},"excerpt":{"rendered":"<p>Bola zverejnen\u00e1 nov\u00e1 v\u00fdzva programu Erasmus+ na rok 2026, v r\u00e1mci ktorej m\u00f4\u017ee aj Va\u0161a \u0161kola z\u00edska\u0165 podporu na&nbsp;mobilitu v odbornom vzdel\u00e1van\u00ed (pre \u0161tudentov a u\u010dite\u013eov) Term\u00edn na podanie \u017eiadost\u00ed: 19. febru\u00e1r 2026 Podanie \u017eiadost\u00ed: https:\/\/webgate.ec.europa.eu\/erasmus-esc\/index Kto sme Sme organiz\u00e1cia s 15-ro\u010dnou sk\u00fasenos\u0165ou&nbsp;v oblasti Erasmus+ mobilitn\u00fdch projektov. Pom\u00e1hame \u0161kol\u00e1m od prvotn\u00e9ho n\u00e1padu a\u017e po \u00faspe\u0161n\u00fa [&hellip;]<\/p>","protected":false},"author":1,"featured_media":0,"parent":0,"menu_order":0,"comment_status":"closed","ping_status":"closed","template":"page-with-title","meta":{"ngg_post_thumbnail":0,"footnotes":""},"class_list":["post-1201","page","type-page","status-publish","hentry"],"aioseo_notices":[],"_links":{"self":[{"href":"https:\/\/www.luminosus.sk\/hu\/wp-json\/wp\/v2\/pages\/1201","targetHints":{"allow":["GET"]}}],"collection":[{"href":"https:\/\/www.luminosus.sk\/hu\/wp-json\/wp\/v2\/pages"}],"about":[{"href":"https:\/\/www.luminosus.sk\/hu\/wp-json\/wp\/v2\/types\/page"}],"author":[{"embeddable":true,"href":"https:\/\/www.luminosus.sk\/hu\/wp-json\/wp\/v2\/users\/1"}],"replies":[{"embeddable":true,"href":"https:\/\/www.luminosus.sk\/hu\/wp-json\/wp\/v2\/comments?post=1201"}],"version-history":[{"count":7,"href":"https:\/\/www.luminosus.sk\/hu\/wp-json\/wp\/v2\/pages\/1201\/revisions"}],"predecessor-version":[{"id":1217,"href":"https:\/\/www.luminosus.sk\/hu\/wp-json\/wp\/v2\/pages\/1201\/revisions\/1217"}],"wp:attachment":[{"href":"https:\/\/www.luminosus.sk\/hu\/wp-json\/wp\/v2\/media?parent=1201"}],"curies":[{"name":"wp","href":"https:\/\/api.w.org\/{rel}","templated":true}]}}