{"id":1228,"date":"2025-12-12T12:28:21","date_gmt":"2025-12-12T11:28:21","guid":{"rendered":"https:\/\/www.luminosus.sk\/?page_id=1228"},"modified":"2025-12-12T13:35:58","modified_gmt":"2025-12-12T12:35:58","slug":"erasmus-mladeznicka-vymena-2025-1-sk02-ka151-you-000299512-a1-where-green-leads-2025","status":"publish","type":"page","link":"https:\/\/www.luminosus.sk\/hu\/erasmus-mladeznicka-vymena-2025-1-sk02-ka151-you-000299512-a1-where-green-leads-2025\/","title":{"rendered":"ERASMUS + IFJ\u00daS\u00c1GI CSERE - 2025-1-SK02-KA151-YOU-000299512 A1 - Where Green Leads 2025"},"content":{"rendered":"<figure class=\"wp-block-image size-large\"><img loading=\"lazy\" decoding=\"async\" width=\"724\" height=\"1024\" src=\"https:\/\/www.luminosus.sk\/wp-content\/uploads\/2025\/12\/where-green-leads_poster-724x1024.jpg\" alt=\"\" class=\"wp-image-1229\" srcset=\"https:\/\/www.luminosus.sk\/wp-content\/uploads\/2025\/12\/where-green-leads_poster-724x1024.jpg 724w, https:\/\/www.luminosus.sk\/wp-content\/uploads\/2025\/12\/where-green-leads_poster-212x300.jpg 212w, https:\/\/www.luminosus.sk\/wp-content\/uploads\/2025\/12\/where-green-leads_poster-768x1086.jpg 768w, https:\/\/www.luminosus.sk\/wp-content\/uploads\/2025\/12\/where-green-leads_poster-1086x1536.jpg 1086w, https:\/\/www.luminosus.sk\/wp-content\/uploads\/2025\/12\/where-green-leads_poster-8x12.jpg 8w, https:\/\/www.luminosus.sk\/wp-content\/uploads\/2025\/12\/where-green-leads_poster.jpg 1414w\" sizes=\"auto, (max-width: 724px) 100vw, 724px\" \/><\/figure>\n\n\n\n<figure class=\"wp-block-image size-full\"><img loading=\"lazy\" decoding=\"async\" width=\"676\" height=\"194\" src=\"https:\/\/www.luminosus.sk\/wp-content\/uploads\/2025\/10\/Erasmus-logo.png\" alt=\"\" class=\"wp-image-214\" srcset=\"https:\/\/www.luminosus.sk\/wp-content\/uploads\/2025\/10\/Erasmus-logo.png 676w, https:\/\/www.luminosus.sk\/wp-content\/uploads\/2025\/10\/Erasmus-logo-300x86.png 300w\" sizes=\"auto, (max-width: 676px) 100vw, 676px\" \/><\/figure>\n\n\n\n<p>Where Green Leads elnevez\u00e9s\u0171 ifj\u00fas\u00e1gi csere 2025. j\u00falius 1-6. k\u00f6z\u00f6tt, val\u00f3sult meg Nagykaposon, az utaz\u00e1si napok j\u00fanius 30. \u00e9s j\u00falius 7-e volt. Az ifj\u00fas\u00e1gi cser\u00e9nek 43 r\u00e9sztvev\u0151je volt: Magyarorsz\u00e1g: 8, Olaszorsz\u00e1g: 8, Lettorsz\u00e1g: 8, Ukrajna:8, Szlov\u00e1kia: 11<\/p>\n\n\n\n<p>A r\u00e9sztvev\u0151k \u00e9letkora az al\u00e1bbiak szerint alakult, legfiatalabb r\u00e9sztvev\u0151 13  \u00e9s a legid\u0151sebb 23 volt \u00e9s a k\u00f6ztes koroszt\u00e1lyb\u00f3l ker\u00fcltek ki a legt\u00f6bben, z\u00f6m\u00e9ben 15-18 \u00e9vesek alkott\u00e1k a csoportot - k\u00f6z\u00e9piskol\u00e1s fiatalok.<\/p>\n\n\n\n<p>A projekt c\u00e9lja volt, hogy a fiatalok megismerkedjenek a k\u00f6rnyezettudatoss\u00e1ggal. Sokszor nem is tudatosul az emberekben, hogy mindenki hat\u00e1ssal van k\u00f6rnyezet\u00e9re mindennapi tev\u00e9kenys\u00e9gei sor\u00e1n. Pedig sok kicsi sokra megy. A k\u00f6rnyezettudatos gondolkod\u00e1s az\u00e9rt fontos, hogy a fiatalok oda figyeljenek a k\u00f6rnyezet\u00fck v\u00e9delm\u00e9re, l\u00e9nyeges, hogy tegyenek k\u00f6rnyezet\u00fck v\u00e9delm\u00e9\u00e9rt.<\/p>\n\n\n\n<p>Az ifj\u00fas\u00e1gi csere programja tartalmazott mozg\u00e1st, t\u00far\u00e1t, eg\u00e9szs\u00e9ges \u00e9teleket \u00e9s sz\u00f3rakoztat\u00f3 programokat. A program eg\u00e9sz\u00e9re jellemz\u0151 volt, a r\u00e9sztvev\u0151k nemzetis\u00e9gileg vegyes csoportokban egy-egy k\u00f6rnyezetv\u00e9delmi t\u00e9m\u00e1val ismerkedtek meg. Megismert\u00e9k egym\u00e1s lak\u00f3k\u00f6rnyezet\u00e9ben felmer\u00fcl\u0151 hi\u00e1nyoss\u00e1gokat a z\u00f6ld int\u00e9zked\u00e9sek ter\u00e9n, csoportokban megpr\u00f3b\u00e1lt\u00e1k ezekre megold\u00e1st tal\u00e1lni. A fiatalok mix csoportokban, f\u00f3kusz\u00e1lva az el\u0151z\u0151 workshopra kreat\u00edv m\u00f3don \u00fajrahasznos\u00edtott anyagokb\u00f3l dolgoztak \u00e9s z\u00f6ld megold\u00e1sokat alkottak meg.<\/p>\n\n\n\n<p>A fiatalok a projekt v\u00e9gkifejlet\u00e9ben vide\u00f3kat k\u00e9sz\u00edtettek k\u00fcl\u00f6nb\u00f6z\u0151 z\u00f6ld t\u00e9mak\u00f6r\u00f6ket feldolgozva, amelyben egyszer\u0171 h\u00e9tk\u00f6znapi k\u00f6rnyezetk\u00edm\u00e9l\u0151 megold\u00e1sokat mutattak be.  Az est\u00e9ket nemzetk\u00f6zi estek sz\u00ednes\u00edtett\u00e9k.<\/p>\n\n\n\nngg_shortcode_0_placeholder","protected":false},"excerpt":{"rendered":"<p>Ml\u00e1de\u017en\u00edcka v\u00fdmena s n\u00e1zvom Where Green Leads sa uskuto\u010dnila v d\u0148och 1.\u20136. j\u00fala 2025 vo Ve\u013ek\u00fdch Kapu\u0161anoch, pri\u010dom cestovn\u00e9 dni boli 30. j\u00fan a 7. j\u00fal. Na ml\u00e1de\u017en\u00edckej v\u00fdmene sa z\u00fa\u010dastnilo 43 \u00fa\u010dastn\u00edkov: Ma\u010farsko: 8, Taliansko: 8, Loty\u0161sko: 8, Ukrajina: 8, Slovensko: 11. Vek \u00fa\u010dastn\u00edkov bol nasledovn\u00fd: najmlad\u0161\u00ed mal 13 rokov a najstar\u0161\u00ed 23 rokov. [&hellip;]<\/p>","protected":false},"author":1,"featured_media":1229,"parent":0,"menu_order":0,"comment_status":"closed","ping_status":"closed","template":"page-with-title","meta":{"ngg_post_thumbnail":0,"footnotes":""},"class_list":["post-1228","page","type-page","status-publish","has-post-thumbnail","hentry"],"aioseo_notices":[],"_links":{"self":[{"href":"https:\/\/www.luminosus.sk\/hu\/wp-json\/wp\/v2\/pages\/1228","targetHints":{"allow":["GET"]}}],"collection":[{"href":"https:\/\/www.luminosus.sk\/hu\/wp-json\/wp\/v2\/pages"}],"about":[{"href":"https:\/\/www.luminosus.sk\/hu\/wp-json\/wp\/v2\/types\/page"}],"author":[{"embeddable":true,"href":"https:\/\/www.luminosus.sk\/hu\/wp-json\/wp\/v2\/users\/1"}],"replies":[{"embeddable":true,"href":"https:\/\/www.luminosus.sk\/hu\/wp-json\/wp\/v2\/comments?post=1228"}],"version-history":[{"count":2,"href":"https:\/\/www.luminosus.sk\/hu\/wp-json\/wp\/v2\/pages\/1228\/revisions"}],"predecessor-version":[{"id":1291,"href":"https:\/\/www.luminosus.sk\/hu\/wp-json\/wp\/v2\/pages\/1228\/revisions\/1291"}],"wp:featuredmedia":[{"embeddable":true,"href":"https:\/\/www.luminosus.sk\/hu\/wp-json\/wp\/v2\/media\/1229"}],"wp:attachment":[{"href":"https:\/\/www.luminosus.sk\/hu\/wp-json\/wp\/v2\/media?parent=1228"}],"curies":[{"name":"wp","href":"https:\/\/api.w.org\/{rel}","templated":true}]}}