{"id":1230,"date":"2025-12-12T12:26:25","date_gmt":"2025-12-12T11:26:25","guid":{"rendered":"https:\/\/www.luminosus.sk\/?page_id=1230"},"modified":"2025-12-12T12:26:25","modified_gmt":"2025-12-12T11:26:25","slug":"erasmus-mladeznicka-vymena-2025-1-sk02-ka151-you-000299512-a2-take-a-step-forward-2025","status":"publish","type":"page","link":"https:\/\/www.luminosus.sk\/hu\/erasmus-mladeznicka-vymena-2025-1-sk02-ka151-you-000299512-a2-take-a-step-forward-2025\/","title":{"rendered":"ERASMUS + YOUTH EXCHANGE - 2025-1-SK02-KA151-YOU-000299512 A2 - L\u00e9pj egy l\u00e9p\u00e9st el\u0151re! 2025"},"content":{"rendered":"<figure class=\"wp-block-image aligncenter size-large\"><img loading=\"lazy\" decoding=\"async\" width=\"724\" height=\"1024\" src=\"https:\/\/www.luminosus.sk\/wp-content\/uploads\/2025\/12\/Lepj-Most-ifi-csere-724x1024.png\" alt=\"\" class=\"wp-image-1231\" srcset=\"https:\/\/www.luminosus.sk\/wp-content\/uploads\/2025\/12\/Lepj-Most-ifi-csere-724x1024.png 724w, https:\/\/www.luminosus.sk\/wp-content\/uploads\/2025\/12\/Lepj-Most-ifi-csere-212x300.png 212w, https:\/\/www.luminosus.sk\/wp-content\/uploads\/2025\/12\/Lepj-Most-ifi-csere-768x1086.png 768w, https:\/\/www.luminosus.sk\/wp-content\/uploads\/2025\/12\/Lepj-Most-ifi-csere-1086x1536.png 1086w, https:\/\/www.luminosus.sk\/wp-content\/uploads\/2025\/12\/Lepj-Most-ifi-csere-8x12.png 8w, https:\/\/www.luminosus.sk\/wp-content\/uploads\/2025\/12\/Lepj-Most-ifi-csere.png 1414w\" sizes=\"auto, (max-width: 724px) 100vw, 724px\" \/><\/figure>\n\n\n\n<figure class=\"wp-block-image size-full\"><img loading=\"lazy\" decoding=\"async\" width=\"676\" height=\"194\" src=\"https:\/\/www.luminosus.sk\/wp-content\/uploads\/2025\/10\/Erasmus-logo.png\" alt=\"\" class=\"wp-image-214\" srcset=\"https:\/\/www.luminosus.sk\/wp-content\/uploads\/2025\/10\/Erasmus-logo.png 676w, https:\/\/www.luminosus.sk\/wp-content\/uploads\/2025\/10\/Erasmus-logo-300x86.png 300w\" sizes=\"auto, (max-width: 676px) 100vw, 676px\" \/><\/figure>\n\n\n\n<p class=\"translation-block\">A2 Take a Step Forward! nev\u0171 ifj\u00fas\u00e1gi csere 2025. augusztus 22-28. k\u00f6z\u00f6tt val\u00f3sult meg Nagykaposon, az utaz\u00e1si napok 21. \u00e9s 29. voltak.<\/p>\n\n\n\n<p>A projekt c\u00e9lkit\u0171z\u00e9sei:<\/p>\n\n\n\n<ul class=\"wp-block-list\">\n<li>a szem\u00e9lyes k\u00e9szs\u00e9gek \u00e9s kompetenci\u00e1k meger\u0151s\u00edt\u00e9se<\/li>\n\n\n\n<li>a munkaer\u0151-piaci versenyk\u00e9pess\u00e9g n\u00f6vel\u00e9se<\/li>\n\n\n\n<li>sikeres \u00f6n\u00e9letrajz \u00edr\u00e1sa<\/li>\n\n\n\n<li>a v\u00e1llalkoz\u00f3i szellem el\u0151mozd\u00edt\u00e1sa<\/li>\n\n\n\n<li>a foglalkoztathat\u00f3s\u00e1g \u00e9s a munkakompetenci\u00e1k fejleszt\u00e9se<\/li>\n\n\n\n<li>a szem\u00e9lyes kapcsolatok er\u0151s\u00edt\u00e9se<\/li>\n<\/ul>\n\n\n\n<p>A projekt c\u00e9lja, hogy seg\u00edtse a fiatalokat \u00f6nbizalmuk \u00e9s szem\u00e9lyes kompetenci\u00e1ik fejleszt\u00e9s\u00e9ben, az \u00f6n\u00e9rv\u00e9nyes\u00edt\u00e9sben \u00e9s t\u00e1mogassa \u0151ket abban, hogy tudatosan tervezz\u00e9k j\u00f6v\u0151j\u00fcket \u00e9s karrierj\u00fck \u00e9p\u00edt\u00e9s\u00e9t.\nEz a projekt olyan k\u00e9szs\u00e9geket \u00e9s tapasztalatokat adott a fiataloknak, amelyek n\u00f6velik versenyk\u00e9pess\u00e9g\u00fcket a munkaer\u0151piacon.<\/p>\n\n\n\n<p class=\"translation-block\">L\u00e9pj Most! Ifj\u00fas\u00e1gi csere seg\u00edtett a fiataloknak beazonos\u00edtani k\u00e9szs\u00e9geiket, meger\u0151s\u00edteni kompetenci\u00e1ikat. Sikeres v\u00e1llalkoz\u00e1sokat mutattunk be a fiataloknak p\u00e9ldak\u00e9nt, \u00e9s motiv\u00e1ci\u00f3s besz\u00e9lget\u00e9seket biztos\u00edtottunk a v\u00e1llalkoz\u00f3kkal, ezzel is motiv\u00e1ltuk \u0151ket a v\u00e1llalkoz\u00f3i szellem el\u0151mozd\u00edt\u00e1s\u00e1ban. A programban helyt kapott asszert\u00edv kommunik\u00e1ci\u00f3s tr\u00e9ning, a testbesz\u00e9d fontoss\u00e1ga, sikeres \u00e1ll\u00e1sinterj\u00fa alapszab\u00e1lyai, \u00f6nk\u00e9ntesked\u00e9s egy helyi \u00f3vod\u00e1ban. Ez a program seg\u00edtett a h\u00e1tr\u00e1nyos helyzet\u0171 fiataloknak, hogy k\u00f6nnyebben elhelyezkedjenek a k\u00e9s\u0151bbiekben a munkaer\u0151piacon\/ tal\u00e1ljanak munkahelyet.<\/p>\n\n\n\nngg_shortcode_0_placeholder","protected":false},"excerpt":{"rendered":"<p>Ml\u00e1de\u017en\u00edcka v\u00fdmena s n\u00e1zvom Take a Step Forward! uskuto\u010dnila sa v d\u0148och 22.\u201328. augusta 2025 vo Ve\u013ek\u00fdch Kapu\u0161anoch. Cestovn\u00e9 dni boli 21. a 29. august. Ciele projektu: Cie\u013eom projektu bolo pom\u00f4c\u0165 mlad\u00fdm \u013eu\u010fom pri rozvoji sebavedomia, osobn\u00fdch kompetenci\u00ed a schopnosti sebapresadenia, ako aj podpori\u0165 ich v tom, aby vedome pl\u00e1novali svoju bud\u00facnos\u0165 a budovali svoju [&hellip;]<\/p>","protected":false},"author":1,"featured_media":1231,"parent":0,"menu_order":0,"comment_status":"closed","ping_status":"closed","template":"page-with-title","meta":{"ngg_post_thumbnail":0,"footnotes":""},"class_list":["post-1230","page","type-page","status-publish","has-post-thumbnail","hentry"],"aioseo_notices":[],"_links":{"self":[{"href":"https:\/\/www.luminosus.sk\/hu\/wp-json\/wp\/v2\/pages\/1230","targetHints":{"allow":["GET"]}}],"collection":[{"href":"https:\/\/www.luminosus.sk\/hu\/wp-json\/wp\/v2\/pages"}],"about":[{"href":"https:\/\/www.luminosus.sk\/hu\/wp-json\/wp\/v2\/types\/page"}],"author":[{"embeddable":true,"href":"https:\/\/www.luminosus.sk\/hu\/wp-json\/wp\/v2\/users\/1"}],"replies":[{"embeddable":true,"href":"https:\/\/www.luminosus.sk\/hu\/wp-json\/wp\/v2\/comments?post=1230"}],"version-history":[{"count":1,"href":"https:\/\/www.luminosus.sk\/hu\/wp-json\/wp\/v2\/pages\/1230\/revisions"}],"predecessor-version":[{"id":1258,"href":"https:\/\/www.luminosus.sk\/hu\/wp-json\/wp\/v2\/pages\/1230\/revisions\/1258"}],"wp:featuredmedia":[{"embeddable":true,"href":"https:\/\/www.luminosus.sk\/hu\/wp-json\/wp\/v2\/media\/1231"}],"wp:attachment":[{"href":"https:\/\/www.luminosus.sk\/hu\/wp-json\/wp\/v2\/media?parent=1230"}],"curies":[{"name":"wp","href":"https:\/\/api.w.org\/{rel}","templated":true}]}}