{"id":177,"date":"2025-10-30T16:53:21","date_gmt":"2025-10-30T15:53:21","guid":{"rendered":"https:\/\/www.luminosus.sk\/?page_id=177"},"modified":"2025-11-11T09:47:32","modified_gmt":"2025-11-11T08:47:32","slug":"erasmus-mladeznicka-vymena-2024-1-sk02-ka151-you-000208195-a4-digital-diet-2-0-2025","status":"publish","type":"page","link":"https:\/\/www.luminosus.sk\/hu\/erasmus-mladeznicka-vymena-2024-1-sk02-ka151-you-000208195-a4-digital-diet-2-0-2025\/","title":{"rendered":"ERASMUS + IFJ\u00daS\u00c1GI CSERE - 2024-1-SK02-KA151-YOU-000208195 A4 -  Digital Diet 2.0, 2025"},"content":{"rendered":"<figure class=\"wp-block-image aligncenter size-full\"><img loading=\"lazy\" decoding=\"async\" width=\"449\" height=\"561\" src=\"https:\/\/www.luminosus.sk\/wp-content\/uploads\/2025\/10\/digital-diet.jpg\" alt=\"\" class=\"wp-image-178\" srcset=\"https:\/\/www.luminosus.sk\/wp-content\/uploads\/2025\/10\/digital-diet.jpg 449w, https:\/\/www.luminosus.sk\/wp-content\/uploads\/2025\/10\/digital-diet-240x300.jpg 240w\" sizes=\"auto, (max-width: 449px) 100vw, 449px\" \/><\/figure>\n\n\n\n<figure class=\"wp-block-image aligncenter size-full is-resized\"><img loading=\"lazy\" decoding=\"async\" width=\"676\" height=\"194\" src=\"https:\/\/www.luminosus.sk\/wp-content\/uploads\/2025\/10\/Erasmus-logo.png\" alt=\"\" class=\"wp-image-214\" style=\"width:576px;height:auto\" srcset=\"https:\/\/www.luminosus.sk\/wp-content\/uploads\/2025\/10\/Erasmus-logo.png 676w, https:\/\/www.luminosus.sk\/wp-content\/uploads\/2025\/10\/Erasmus-logo-300x86.png 300w\" sizes=\"auto, (max-width: 676px) 100vw, 676px\" \/><\/figure>\n\n\n\n<p class=\"translation-block\">A Digital Diet 2.0 ifj\u00fas\u00e1gi csereprogramra 2025. \u00e1prilis 24\u201330. k\u00f6z\u00f6tt ker\u00fclt sor, az utaz\u00e1si napok pedig \u00e1prilis 23-\u00e1n \u00e9s m\u00e1jus 1-j\u00e9n voltak.\nA programban Magyarorsz\u00e1g, Lengyelorsz\u00e1g, Lettorsz\u00e1g \u00e9s Szlov\u00e1kia fiataljai vettek r\u00e9szt.\nA magyar csoport 8, a lengyel 12, a lett 9, a szlov\u00e1k pedig 12 r\u00e9sztvev\u0151b\u0151l \u00e1llt.<\/p>\n\n\n\n<p class=\"translation-block\">A projekt a 2018-ban megval\u00f3sult Digital Diet ifj\u00fas\u00e1gi csere folytat\u00e1sa volt.\nA Digital Diet 2.0 program a digit\u00e1lis f\u00fcgg\u0151s\u00e9g probl\u00e9m\u00e1j\u00e1ra \u00f6sszpontos\u00edtott.<\/p>\n\n\n\n<p class=\"translation-block\">Az ifj\u00fas\u00e1gi csere f\u0151 c\u00e9lja az volt, hogy \u00f6szt\u00f6n\u00f6zze a fiatalokat a mobiltelefonok, k\u00fcl\u00f6nb\u00f6z\u0151 alkalmaz\u00e1sok \u00e9s k\u00f6z\u00f6ss\u00e9gi m\u00e9dia platformok haszn\u00e1lat\u00e1nak cs\u00f6kkent\u00e9s\u00e9re.\nA program kiemelte a szem\u00e9lyes kapcsolatok fontoss\u00e1g\u00e1t, valamint a term\u00e9szetben t\u00f6lt\u00f6tt id\u0151 sz\u00fcks\u00e9gess\u00e9g\u00e9t.\nEmellett seg\u00edtette a r\u00e9sztvev\u0151ket abban, hogy megtal\u00e1lj\u00e1k az egyens\u00falyt az online \u00e9s offline vil\u00e1g k\u00f6z\u00f6tt.<\/p>\n\n\n\nngg_shortcode_0_placeholder","protected":false},"excerpt":{"rendered":"<p>Ml\u00e1de\u017en\u00edcka v\u00fdmena Digital Diet 2.0 sa realizovala v obdob\u00ed 24. \u2013 30. apr\u00edla 2025, pri\u010dom cestovn\u00e9 dni boli 23. apr\u00edla a 1. m\u00e1ja. Do v\u00fdmeny sa zapojili \u00fa\u010dastn\u00edci z Ma\u010farska, Po\u013eska, Loty\u0161ska a Slovenska. Ma\u010farsk\u00e1 skupina pozost\u00e1vala z 8 \u00fa\u010dastn\u00edkov, po\u013esk\u00e1 zo 12, loty\u0161sk\u00e1 z 9 a slovensk\u00e1 zo 12 \u00fa\u010dastn\u00edkov. Projekt bol pokra\u010dovan\u00edm ml\u00e1de\u017en\u00edckej [&hellip;]<\/p>","protected":false},"author":1,"featured_media":0,"parent":0,"menu_order":0,"comment_status":"closed","ping_status":"closed","template":"page-with-title","meta":{"ngg_post_thumbnail":0,"footnotes":""},"class_list":["post-177","page","type-page","status-publish","hentry"],"aioseo_notices":[],"_links":{"self":[{"href":"https:\/\/www.luminosus.sk\/hu\/wp-json\/wp\/v2\/pages\/177","targetHints":{"allow":["GET"]}}],"collection":[{"href":"https:\/\/www.luminosus.sk\/hu\/wp-json\/wp\/v2\/pages"}],"about":[{"href":"https:\/\/www.luminosus.sk\/hu\/wp-json\/wp\/v2\/types\/page"}],"author":[{"embeddable":true,"href":"https:\/\/www.luminosus.sk\/hu\/wp-json\/wp\/v2\/users\/1"}],"replies":[{"embeddable":true,"href":"https:\/\/www.luminosus.sk\/hu\/wp-json\/wp\/v2\/comments?post=177"}],"version-history":[{"count":4,"href":"https:\/\/www.luminosus.sk\/hu\/wp-json\/wp\/v2\/pages\/177\/revisions"}],"predecessor-version":[{"id":929,"href":"https:\/\/www.luminosus.sk\/hu\/wp-json\/wp\/v2\/pages\/177\/revisions\/929"}],"wp:attachment":[{"href":"https:\/\/www.luminosus.sk\/hu\/wp-json\/wp\/v2\/media?parent=177"}],"curies":[{"name":"wp","href":"https:\/\/api.w.org\/{rel}","templated":true}]}}