{"id":181,"date":"2025-10-30T17:01:18","date_gmt":"2025-10-30T16:01:18","guid":{"rendered":"https:\/\/www.luminosus.sk\/?page_id=181"},"modified":"2025-11-11T09:43:53","modified_gmt":"2025-11-11T08:43:53","slug":"erasmus-mladeznicka-vymena-2024-1-sk02-ka151-you-000208195-a3-environmental-rehab-2024","status":"publish","type":"page","link":"https:\/\/www.luminosus.sk\/hu\/erasmus-mladeznicka-vymena-2024-1-sk02-ka151-you-000208195-a3-environmental-rehab-2024\/","title":{"rendered":"ERASMUS + IFJ\u00daS\u00c1GI CSERE - 2024-1-SK02-KA151-YOU-000208195 A3 - Environmental Rehab 2024"},"content":{"rendered":"<figure class=\"wp-block-image aligncenter size-full\"><img loading=\"lazy\" decoding=\"async\" width=\"449\" height=\"634\" src=\"https:\/\/www.luminosus.sk\/wp-content\/uploads\/2025\/10\/environ.jpg\" alt=\"\" class=\"wp-image-182\" srcset=\"https:\/\/www.luminosus.sk\/wp-content\/uploads\/2025\/10\/environ.jpg 449w, https:\/\/www.luminosus.sk\/wp-content\/uploads\/2025\/10\/environ-212x300.jpg 212w\" sizes=\"auto, (max-width: 449px) 100vw, 449px\" \/><\/figure>\n\n\n\n<figure class=\"wp-block-image aligncenter size-full\"><img loading=\"lazy\" decoding=\"async\" width=\"676\" height=\"194\" src=\"https:\/\/www.luminosus.sk\/wp-content\/uploads\/2025\/10\/Erasmus-logo.png\" alt=\"\" class=\"wp-image-214\" srcset=\"https:\/\/www.luminosus.sk\/wp-content\/uploads\/2025\/10\/Erasmus-logo.png 676w, https:\/\/www.luminosus.sk\/wp-content\/uploads\/2025\/10\/Erasmus-logo-300x86.png 300w\" sizes=\"auto, (max-width: 676px) 100vw, 676px\" \/><\/figure>\n\n\n\n<p class=\"translation-block\">Az \u201eEnvironmental Rehab\u201d ifj\u00fas\u00e1gi csereprogramra 2024. okt\u00f3ber 13\u201319. k\u00f6z\u00f6tt ker\u00fclt sor Nagykaposon (Ve\u013ek\u00e9 Kapu\u0161any), az utaz\u00e1si napok pedig augusztus 21-\u00e9n \u00e9s 28-\u00e1n voltak.<\/p>\n\n\n\n<p class=\"translation-block\">A program f\u0151 t\u00e9m\u00e1ja a k\u00f6rnyezettudatoss\u00e1g volt.\n\nA csereprogram partnerei a k\u00f6vetkez\u0151 szervezetek voltak:<\/p>\n\n\n\n<p class=\"translation-block\">\u201eFuture World\u201d Association \u2013 bolg\u00e1r egyes\u00fclet,\n\nGreen Sun Association \u2013 rom\u00e1n szervezet,\n\nM\u00e1t\u00e9szalkai SZC Budai Nagy Antal Technikum \u00e9s Szakgimn\u00e1zium \u2013 magyar partnerint\u00e9zm\u00e9ny.\n\nA programon 8 bolg\u00e1r, 9 magyar, 9 rom\u00e1n \u00e9s 10 szlov\u00e1k r\u00e9sztvev\u0151 vett r\u00e9szt, \u00f6sszesen 36 fiatal Nagykaposon.<\/p>\n\n\n\n<p class=\"translation-block\">A projekt f\u0151 c\u00e9lja az volt, hogy a fiatalokat megismertesse a k\u00f6rnyezettudatos, fenntarthat\u00f3 \u00e9letm\u00f3ddal.\nA r\u00e9sztvev\u0151k gyakorlati p\u00e9ld\u00e1kon kereszt\u00fcl ismerkedtek meg azzal, hogyan tehetik mindennapjaikat \u201ez\u00f6ldebb\u00e9\u201d \u00e9s k\u00f6rnyezetk\u00edm\u00e9l\u0151bb\u00e9:\nkevesebb vegyszer haszn\u00e1lata a h\u00e1ztart\u00e1sban, a m\u0171anyag term\u00e9kek alternat\u00edv\u00e1inak keres\u00e9se, h\u00e1zi keny\u00e9r, zsemle, bagett \u00e9s p\u00e9ks\u00fctem\u00e9ny k\u00e9sz\u00edt\u00e9se term\u00e9szetes kov\u00e1sszal, kert\u00e9szked\u00e9s, komposzt\u00e1l\u00e1s, saj\u00e1t z\u00f6lds\u00e9g \u00e9s gy\u00fcm\u00f6lcs termeszt\u00e9se, valamint term\u00e9szetes anyagokkal val\u00f3 k\u00f6rnyezetalak\u00edt\u00e1s \u00e9s term\u00e9szetes dekor\u00e1ci\u00f3k k\u00e9sz\u00edt\u00e9se.<\/p>\n\n\n\n<p><strong>Az ifj\u00fas\u00e1gi csere konkr\u00e9t c\u00e9ljai a k\u00f6vetkez\u0151k voltak:<\/strong><\/p>\n\n\n\n<ul class=\"wp-block-list\">\n<li>a h\u00e1ztart\u00e1si hullad\u00e9k mennyis\u00e9g\u00e9nek cs\u00f6kkent\u00e9se,<\/li>\n\n\n\n<li>a tudatosabb fogyaszt\u00f3i szok\u00e1sok kialak\u00edt\u00e1s\u00e1nak \u00f6szt\u00f6nz\u00e9se,<\/li>\n\n\n\n<li>a szelekt\u00edv hullad\u00e9kgy\u0171jt\u00e9s t\u00e1mogat\u00e1sa,<\/li>\n\n\n\n<li>a csomagol\u00e1smentes v\u00e1s\u00e1rl\u00e1s n\u00e9pszer\u0171s\u00edt\u00e9se.<\/li>\n<\/ul>\n\n\n\nngg_shortcode_0_placeholder","protected":false},"excerpt":{"rendered":"<p>Ml\u00e1de\u017en\u00edcka v\u00fdmena\u201eEnvironmental Rehab\u201d sa uskuto\u010dnila v d\u0148och 13. \u2013 19. okt\u00f3bra 2024 vo Ve\u013ek\u00fdch Kapu\u0161anoch, pri\u010dom cestovn\u00e9 dni boli 21. a 28. august. Ml\u00e1de\u017en\u00edcka v\u00fdmena Environmental Rehab bola zameran\u00e1 na environment\u00e1lne povedomie. Partnermi tretej ml\u00e1de\u017en\u00edckej v\u00fdmeny boli: \u201eFuture World\u201c Association \u2013 bulharsk\u00e9 zdru\u017eenie, Green Sun Association \u2013 rumunsk\u00e1 organiz\u00e1cia, M\u00e1t\u00e9szalkai SZC Budai Nagy Antal Technikum [&hellip;]<\/p>","protected":false},"author":1,"featured_media":0,"parent":0,"menu_order":0,"comment_status":"closed","ping_status":"closed","template":"page-with-title","meta":{"ngg_post_thumbnail":0,"footnotes":""},"class_list":["post-181","page","type-page","status-publish","hentry"],"aioseo_notices":[],"_links":{"self":[{"href":"https:\/\/www.luminosus.sk\/hu\/wp-json\/wp\/v2\/pages\/181","targetHints":{"allow":["GET"]}}],"collection":[{"href":"https:\/\/www.luminosus.sk\/hu\/wp-json\/wp\/v2\/pages"}],"about":[{"href":"https:\/\/www.luminosus.sk\/hu\/wp-json\/wp\/v2\/types\/page"}],"author":[{"embeddable":true,"href":"https:\/\/www.luminosus.sk\/hu\/wp-json\/wp\/v2\/users\/1"}],"replies":[{"embeddable":true,"href":"https:\/\/www.luminosus.sk\/hu\/wp-json\/wp\/v2\/comments?post=181"}],"version-history":[{"count":4,"href":"https:\/\/www.luminosus.sk\/hu\/wp-json\/wp\/v2\/pages\/181\/revisions"}],"predecessor-version":[{"id":905,"href":"https:\/\/www.luminosus.sk\/hu\/wp-json\/wp\/v2\/pages\/181\/revisions\/905"}],"wp:attachment":[{"href":"https:\/\/www.luminosus.sk\/hu\/wp-json\/wp\/v2\/media?parent=181"}],"curies":[{"name":"wp","href":"https:\/\/api.w.org\/{rel}","templated":true}]}}