{"id":190,"date":"2025-10-30T17:20:34","date_gmt":"2025-10-30T16:20:34","guid":{"rendered":"https:\/\/www.luminosus.sk\/?page_id=190"},"modified":"2025-11-11T10:15:01","modified_gmt":"2025-11-11T09:15:01","slug":"studijna-navsteva-staff-mobility-2025","status":"publish","type":"page","link":"https:\/\/www.luminosus.sk\/hu\/studijna-navsteva-staff-mobility-2025\/","title":{"rendered":"Staff Mobility 2025"},"content":{"rendered":"<figure class=\"wp-block-image size-full\"><img loading=\"lazy\" decoding=\"async\" width=\"676\" height=\"194\" src=\"https:\/\/www.luminosus.sk\/wp-content\/uploads\/2025\/10\/Erasmus-logo.png\" alt=\"\" class=\"wp-image-214\" srcset=\"https:\/\/www.luminosus.sk\/wp-content\/uploads\/2025\/10\/Erasmus-logo.png 676w, https:\/\/www.luminosus.sk\/wp-content\/uploads\/2025\/10\/Erasmus-logo-300x86.png 300w\" sizes=\"auto, (max-width: 676px) 100vw, 676px\" \/><\/figure>\n\n\n\n<p>A mobilit\u00e1s keret\u00e9ben a szervezet k\u00e9t k\u00e9pvisel\u0151je \u2013 Mgr. Megyesi Edina \u00e9s Mgr. B\u00e1lint Annam\u00e1ria \u2013 Ny\u00edregyh\u00e1z\u00e1ra utazott, ahol megl\u00e1togatt\u00e1k a Kultur\u00e1lis \u00c9let\u00e9r\u00e9rt K\u00f6zhaszn\u00fa Egyes\u00fcletet, a szervezet egyik egy\u00fcttm\u0171k\u00f6d\u0151 partner\u00e9t.\nEz az egyes\u00fclet szorosan egy\u00fcttm\u0171k\u00f6dik a helyi \u00f6nkorm\u00e1nyzattal, \u00e9s a t\u00e9rs\u00e9g fiataljai sz\u00e1m\u00e1ra szervez k\u00fcl\u00f6nf\u00e9le programokat \u00e9s tev\u00e9kenys\u00e9geket.<\/p>\n\n\n\n<p>A mobilit\u00e1snak k\u00e9t f\u0151 c\u00e9lja volt:<\/p>\n\n\n\n<ol class=\"wp-block-list\">\n<li>Felt\u00e1rni, hogy a fiatalok kezdem\u00e9nyez\u00e9sei mik\u00e9nt jutnak el a helyi d\u00f6nt\u00e9shoz\u00f3khoz, valamint hogy ig\u00e9nyeiket hogyan \u00fcltetik \u00e1t konkr\u00e9t \u00f6nkorm\u00e1nyzati int\u00e9zked\u00e9sekbe.<\/li>\n\n\n\n<li>Megismerni, hogyan lehet az Eur\u00f3pai Szolidarit\u00e1si Test\u00fclet (ESC) program keret\u00e9ben \u00f6nk\u00e9ntesekkel egy\u00fctt dolgozni.<\/li>\n<\/ol>\n\n\n\n<p>A l\u00e1togat\u00e1s sor\u00e1n a r\u00e9sztvev\u0151k bekapcsol\u00f3dtak a Must\u00e1rFM helyi r\u00e1di\u00f3 tev\u00e9kenys\u00e9g\u00e9be is, ahol az ESC \u00f6nk\u00e9ntesei a helyi fiatalokkal egy\u00fctt k\u00e9sz\u00edtik el\u0151 \u00e9s sug\u00e1rozz\u00e1k a m\u0171sorokat.\nA k\u00fcld\u00f6tts\u00e9gnek lehet\u0151s\u00e9ge ny\u00edlt megismerni egy r\u00e1di\u00f3m\u0171sor k\u00e9sz\u00edt\u00e9s\u00e9nek folyamat\u00e1t, a technikai h\u00e1tteret, valamint az \u00f6nk\u00e9ntesek \u00e9s a fiatalok egy\u00fcttm\u0171k\u00f6d\u00e9s\u00e9nek m\u00f3dj\u00e1t.<\/p>\n\n\n\n<p class=\"translation-block\">A d\u00e9lut\u00e1n folyam\u00e1n inform\u00e1lis tal\u00e1lkoz\u00f3ra ker\u00fclt sor a helyi fiatalokkal, akik k\u00f6z\u00fcl t\u00f6bben m\u00e1r r\u00e9szt vettek a Luminosus n.o. tev\u00e9kenys\u00e9g\u00e9ben.\nA besz\u00e9lget\u00e9sek sor\u00e1n tapasztalatokat \u00e9s visszajelz\u00e9seket osztottak meg egym\u00e1ssal, valamint megvitatt\u00e1k a j\u00f6v\u0151beni egy\u00fcttm\u0171k\u00f6d\u00e9s lehet\u0151s\u00e9geit.<\/p>\n\n\n\nngg_shortcode_0_placeholder","protected":false},"excerpt":{"rendered":"<p>V r\u00e1mci tejto mobility vycestovali dvaja z\u00e1stupcovia organiz\u00e1cie \u2013 Mgr. Edina Megyesiov\u00e1 a Mgr. Annam\u00e1ria B\u00e1lint \u2013 do mesta Ny\u00edregyh\u00e1za v Ma\u010farsku, kde nav\u0161t\u00edvili spolupracuj\u00facu organiz\u00e1ciu Kultur\u00e1lis \u00c9let\u00e9r\u00e9rt K\u00f6zhaszn\u00fa Egyes\u00fclet. T\u00e1to organiz\u00e1cia \u00fazko spolupracuje s miestnou samospr\u00e1vou a realizuje aktivity pre mlad\u00fdch v regi\u00f3ne. Mobilita mala dva hlavn\u00e9 ciele: S\u00fa\u010das\u0165ou n\u00e1v\u0161tevy bola aj \u00fa\u010das\u0165 na [&hellip;]<\/p>","protected":false},"author":1,"featured_media":0,"parent":0,"menu_order":0,"comment_status":"closed","ping_status":"closed","template":"page-with-title","meta":{"ngg_post_thumbnail":0,"footnotes":""},"class_list":["post-190","page","type-page","status-publish","hentry"],"aioseo_notices":[],"_links":{"self":[{"href":"https:\/\/www.luminosus.sk\/hu\/wp-json\/wp\/v2\/pages\/190","targetHints":{"allow":["GET"]}}],"collection":[{"href":"https:\/\/www.luminosus.sk\/hu\/wp-json\/wp\/v2\/pages"}],"about":[{"href":"https:\/\/www.luminosus.sk\/hu\/wp-json\/wp\/v2\/types\/page"}],"author":[{"embeddable":true,"href":"https:\/\/www.luminosus.sk\/hu\/wp-json\/wp\/v2\/users\/1"}],"replies":[{"embeddable":true,"href":"https:\/\/www.luminosus.sk\/hu\/wp-json\/wp\/v2\/comments?post=190"}],"version-history":[{"count":4,"href":"https:\/\/www.luminosus.sk\/hu\/wp-json\/wp\/v2\/pages\/190\/revisions"}],"predecessor-version":[{"id":1161,"href":"https:\/\/www.luminosus.sk\/hu\/wp-json\/wp\/v2\/pages\/190\/revisions\/1161"}],"wp:attachment":[{"href":"https:\/\/www.luminosus.sk\/hu\/wp-json\/wp\/v2\/media?parent=190"}],"curies":[{"name":"wp","href":"https:\/\/api.w.org\/{rel}","templated":true}]}}