{"id":246,"date":"2025-10-30T19:08:05","date_gmt":"2025-10-30T18:08:05","guid":{"rendered":"https:\/\/www.luminosus.sk\/?page_id=246"},"modified":"2025-11-11T09:25:21","modified_gmt":"2025-11-11T08:25:21","slug":"erasmus-mladeznicka-vymena-2023-1-sk02-ka151-you-000136365-a2-lets-focus-on-focus-2023","status":"publish","type":"page","link":"https:\/\/www.luminosus.sk\/hu\/erasmus-mladeznicka-vymena-2023-1-sk02-ka151-you-000136365-a2-lets-focus-on-focus-2023\/","title":{"rendered":"ERASMUS + YOUTH EXCHANGE - 2023-1-SK02-KA151-YOU-000136365 A2 - F\u00f3kusz\u00e1ljunk a F\u00f3kuszra 2023-ra!"},"content":{"rendered":"<figure class=\"wp-block-image aligncenter size-full\"><img loading=\"lazy\" decoding=\"async\" width=\"449\" height=\"449\" src=\"https:\/\/www.luminosus.sk\/wp-content\/uploads\/2025\/10\/3D-Digital-Marketing-poster.png\" alt=\"\" class=\"wp-image-257\" srcset=\"https:\/\/www.luminosus.sk\/wp-content\/uploads\/2025\/10\/3D-Digital-Marketing-poster.png 449w, https:\/\/www.luminosus.sk\/wp-content\/uploads\/2025\/10\/3D-Digital-Marketing-poster-300x300.png 300w, https:\/\/www.luminosus.sk\/wp-content\/uploads\/2025\/10\/3D-Digital-Marketing-poster-150x150.png 150w\" sizes=\"auto, (max-width: 449px) 100vw, 449px\" \/><\/figure>\n\n\n\n<figure class=\"wp-block-image size-full\"><img loading=\"lazy\" decoding=\"async\" width=\"676\" height=\"194\" src=\"https:\/\/www.luminosus.sk\/wp-content\/uploads\/2025\/10\/Erasmus-logo.png\" alt=\"\" class=\"wp-image-214\" srcset=\"https:\/\/www.luminosus.sk\/wp-content\/uploads\/2025\/10\/Erasmus-logo.png 676w, https:\/\/www.luminosus.sk\/wp-content\/uploads\/2025\/10\/Erasmus-logo-300x86.png 300w\" sizes=\"auto, (max-width: 676px) 100vw, 676px\" \/><\/figure>\n\n\n\n<p>2023. J\u00falius 3-9. k\u00f6z\u00f6tt val\u00f3sult meg Nagykaposon a Let\u2019s Focus on Focus c\u00edm\u0171 ifj\u00fas\u00e1gi csere.\n\nA program l\u00e9nyege az volt, hogy meggy\u0151zz\u00fck a fiatalokat, hogy kevesebbet haszn\u00e1lj\u00e1k telefonjaikat, a k\u00fcl\u00f6nb\u00f6z\u0151 appokat, k\u00f6z\u00f6ss\u00e9gi oldalakat. R\u00e1ir\u00e1ny\u00edtsuk a figyelmet, a szem\u00e9lyes kapcsolatok fontoss\u00e1g\u00e1ra, a term\u00e9szetben t\u00f6lt\u00f6tt id\u0151 n\u00e9lk\u00fcl\u00f6zhetetlens\u00e9g\u00e9re. Tov\u00e1bb\u00e1 felh\u00edvtuk figyelm\u00fcket, az internet vesz\u00e9lyeire \u00e9s kiemelten foglalkoztunk az internetes zaklat\u00e1s t\u00e9mak\u00f6r\u00e9vel. Az okos k\u00fcty\u00fck vil\u00e1g\u00e1ban, nek\u00fcnk embereknek nehez\u00fcnkre esik az \u00f6sszpontos\u00edt\u00e1s \u00e9s a figyelem lek\u00f6t\u00e9se. Olyan jelleg\u0171 aktivit\u00e1sokat vezett\u00fcnk be, ami er\u0151s\u00edti a koncentr\u00e1ci\u00f3t \u00e9s k\u00f6zben mell\u0151zt\u00fck a telefonokat.<\/p>\n\n\n\n<p>Az ifj\u00fas\u00e1gi csere f\u0151 c\u00e9lkit\u0171z\u00e9sei a k\u00f6vetkez\u0151k voltak:<br>- sz\u00fcnetet tartani az elektronikus eszk\u00f6z\u00f6k, p\u00e9ld\u00e1ul okostelefonok, sz\u00e1m\u00edt\u00f3g\u00e9pek \u00e9s k\u00f6z\u00f6ss\u00e9gi m\u00e9dia platformok haszn\u00e1lat\u00e1ban<br>- figyelni a k\u00f6r\u00fcl\u00f6tt\u00fcnk l\u00e9v\u0151 fontos dolgokra, ker\u00fclni a telefonokat.<br>- a szem\u00e9lyes kapcsolatok er\u0151s\u00edt\u00e9se<br>- a digit\u00e1lis zaklat\u00e1s cs\u00f6kkent\u00e9se<br>- a kultur\u00e1lis soksz\u00edn\u0171s\u00e9g megismer\u00e9se<\/p>\n\n\n\n<p>A projektben \u00f6sszesen 44 fiatal vett r\u00e9szt. \u0150k spanyol (7+1), lett (8+1), lengyel (7+1+1+1) \u00e9s szlov\u00e1k r\u00e9sztvev\u0151k (17+1) voltak.<\/p>\n\n\n\nngg_shortcode_0_placeholder","protected":false},"excerpt":{"rendered":"<p>Druh\u00e1 ml\u00e1de\u017en\u00edcka v\u00fdmena v r\u00e1mci akredit\u00e1cie prebehla v term\u00edne 3 \u2013 9. j\u00fala 2023 pod n\u00e1zvom Let\u2019s Focus on Focus. Podstatou v\u00fdmenn\u00e9ho programu bolo presved\u010di\u0165 mlade\u017e, aby svoje telef\u00f3ny, mobiln\u00e9 aplik\u00e1cie a soci\u00e1lne siete pou\u017e\u00edvali \u010do najmenej, \u010di nepou\u017e\u00edvali v\u00f4bec. Kl\u00e1dli sme d\u00f4raz na d\u00f4le\u017eitos\u0165 a udr\u017eiavanie osobn\u00fdch vz\u0165ahov a na \u010das, ktor\u00fd je potrebn\u00fd [&hellip;]<\/p>","protected":false},"author":1,"featured_media":0,"parent":0,"menu_order":0,"comment_status":"closed","ping_status":"closed","template":"page-with-title","meta":{"ngg_post_thumbnail":0,"footnotes":""},"class_list":["post-246","page","type-page","status-publish","hentry"],"aioseo_notices":[],"_links":{"self":[{"href":"https:\/\/www.luminosus.sk\/hu\/wp-json\/wp\/v2\/pages\/246","targetHints":{"allow":["GET"]}}],"collection":[{"href":"https:\/\/www.luminosus.sk\/hu\/wp-json\/wp\/v2\/pages"}],"about":[{"href":"https:\/\/www.luminosus.sk\/hu\/wp-json\/wp\/v2\/types\/page"}],"author":[{"embeddable":true,"href":"https:\/\/www.luminosus.sk\/hu\/wp-json\/wp\/v2\/users\/1"}],"replies":[{"embeddable":true,"href":"https:\/\/www.luminosus.sk\/hu\/wp-json\/wp\/v2\/comments?post=246"}],"version-history":[{"count":2,"href":"https:\/\/www.luminosus.sk\/hu\/wp-json\/wp\/v2\/pages\/246\/revisions"}],"predecessor-version":[{"id":810,"href":"https:\/\/www.luminosus.sk\/hu\/wp-json\/wp\/v2\/pages\/246\/revisions\/810"}],"wp:attachment":[{"href":"https:\/\/www.luminosus.sk\/hu\/wp-json\/wp\/v2\/media?parent=246"}],"curies":[{"name":"wp","href":"https:\/\/api.w.org\/{rel}","templated":true}]}}