{"id":286,"date":"2025-10-31T09:50:43","date_gmt":"2025-10-31T08:50:43","guid":{"rendered":"https:\/\/www.luminosus.sk\/?page_id=286"},"modified":"2025-11-11T13:14:58","modified_gmt":"2025-11-11T12:14:58","slug":"erasmus-mladeznicka-vymena-be-the-change-2022","status":"publish","type":"page","link":"https:\/\/www.luminosus.sk\/hu\/erasmus-mladeznicka-vymena-be-the-change-2022\/","title":{"rendered":"ERASMUS + IFJ\u00daS\u00c1GI CSEREPROGRAM - 2019-3-SK02-KA105-002338 - BE THE CHANGE 2022"},"content":{"rendered":"<figure class=\"wp-block-image aligncenter size-full\"><img loading=\"lazy\" decoding=\"async\" width=\"449\" height=\"495\" src=\"https:\/\/www.luminosus.sk\/wp-content\/uploads\/2025\/10\/logo.jpg\" alt=\"\" class=\"wp-image-287\" srcset=\"https:\/\/www.luminosus.sk\/wp-content\/uploads\/2025\/10\/logo.jpg 449w, https:\/\/www.luminosus.sk\/wp-content\/uploads\/2025\/10\/logo-272x300.jpg 272w\" sizes=\"auto, (max-width: 449px) 100vw, 449px\" \/><\/figure>\n\n\n\n<figure class=\"wp-block-image size-full\"><img loading=\"lazy\" decoding=\"async\" width=\"676\" height=\"194\" src=\"https:\/\/www.luminosus.sk\/wp-content\/uploads\/2025\/10\/Erasmus-logo.png\" alt=\"\" class=\"wp-image-214\" srcset=\"https:\/\/www.luminosus.sk\/wp-content\/uploads\/2025\/10\/Erasmus-logo.png 676w, https:\/\/www.luminosus.sk\/wp-content\/uploads\/2025\/10\/Erasmus-logo-300x86.png 300w\" sizes=\"auto, (max-width: 676px) 100vw, 676px\" \/><\/figure>\n\n\n\n<p>2022. november 21-27. k\u00f6z\u00f6tt 29 r\u00e9sztvev\u0151vel ifj\u00fas\u00e1gi cser\u00e9re ker\u00fclt sor.<\/p>\n\n\n\n<p>A r\u00e9sztvev\u0151k Lengyelorsz\u00e1gb\u00f3l, Lettorsz\u00e1gb\u00f3l, Ukrajn\u00e1b\u00f3l \u00e9s Szlov\u00e1ki\u00e1b\u00f3l \u00e9rkeztek. Minden orsz\u00e1got 6+1 r\u00e9sztvev\u0151 k\u00e9pviselt, kiv\u00e9ve Lengyelorsz\u00e1got, ahonnan 1 k\u00eds\u00e9r\u0151 tan\u00e1r \u00e9rkezett. A projekt f\u0151 t\u00e9m\u00e1ja a k\u00f6lcs\u00f6n\u00f6s tolerancia, az elfogad\u00e1s \u00e9s a kultur\u00e1lis k\u00fcl\u00f6nbs\u00e9gek megismer\u00e9se volt. A tolerancia vil\u00e1gnapj\u00e1t vil\u00e1gszerte november 16-\u00e1n \u00fcnneplik. Az ifj\u00fas\u00e1gi csere 2022. november 21-27. k\u00f6z\u00f6tt zajlott, k\u00f6zel ehhez a d\u00e1tumhoz.<\/p>\n\n\n\n<p>A r\u00e9sztvev\u0151k k\u00fcl\u00f6nb\u00f6z\u0151 helyekr\u0151l \u00e9rkeztek, k\u00fcl\u00f6nb\u00f6z\u0151 k\u00e9pess\u00e9gekkel \u00e9s k\u00e9szs\u00e9gekkel, k\u00fcl\u00f6nb\u00f6z\u0151 v\u00e9lem\u00e9nyekkel, k\u00fcl\u00f6nb\u00f6z\u0151 angol nyelvtud\u00e1ssal \u00e9s priorit\u00e1sokkal rendelkeztek. A tolerancia, a m\u00e1sok ir\u00e1nti emp\u00e1tia \u00e9s a kultur\u00e1lis soksz\u00edn\u0171s\u00e9g elfogad\u00e1sa legink\u00e1bb egy olyan k\u00f6z\u00f6ss\u00e9gben tapasztalhat\u00f3 meg, ahol az emberek m\u00e1s emberek t\u00e1rsas\u00e1g\u00e1ban t\u00f6ltenek id\u0151t. A tolerancia sz\u00fcks\u00e9gszer\u0171s\u00e9g, de sajnos manaps\u00e1g az emberekb\u0151l hi\u00e1nyzik.<\/p>\n\n\n\n<p>Ebben a projektben a toler\u00e1ns viselked\u00e9s fontoss\u00e1g\u00e1ra szerett\u00fcnk volna r\u00e1vil\u00e1g\u00edtani a programokon kereszt\u00fcl. Megmutattuk a fiataloknak, hogy a vil\u00e1g k\u00fcl\u00f6nb\u00f6z\u0151 r\u00e9szein feln\u00f6v\u0151 emberek k\u00fcl\u00f6nb\u00f6z\u0151 \u00e9rt\u00e9kek szerint \u00e9lnek. Amikor k\u00fcl\u00f6nb\u00f6z\u0151 kult\u00far\u00e1kr\u00f3l, orsz\u00e1gokr\u00f3l \u00e9s n\u00e9pekr\u0151l besz\u00e9l\u00fcnk, gyakran sztereot\u00edpi\u00e1kat t\u00e1rs\u00edtunk hozz\u00e1juk. A projekt r\u00e9sztvev\u0151i r\u00e1j\u00f6ttek, hogy ha megismerik a k\u00fcl\u00f6nb\u00f6z\u0151 kult\u00far\u00e1kat \u00e9s embereket, a sztereot\u00edpi\u00e1k \u00e9s el\u0151\u00edt\u00e9letek lebomlanak. R\u00e1j\u00f6ttek, hogy a k\u00fcl\u00f6nb\u00f6z\u0151 kult\u00far\u00e1kb\u00f3l \u00e9rkez\u0151k elt\u00e9r\u0151 \u00e9rt\u00e9kekkel, szok\u00e1sokkal, elt\u00e9r\u0151 bar\u00e1tkoz\u00e1si \u00e9s vitatkoz\u00e1si m\u00f3dokkal rendelkeznek, de el kell fogadniuk egym\u00e1st, \u00e9s toler\u00e1lniuk kell egym\u00e1s v\u00e9lem\u00e9ny\u00e9t.<\/p>\n\n\n\n<p>A programokon kereszt\u00fcl a Szlov\u00e1ki\u00e1ban t\u00f6lt\u00f6tt egy h\u00e9t n\u00f6velte a fiatalok toleranci\u00e1j\u00e1t m\u00e1s kult\u00far\u00e1kkal \u00e9s nemzetekkel szemben, az egy\u00fctt t\u00f6lt\u00f6tt id\u0151 hozz\u00e1j\u00e1rult a k\u00fcl\u00f6nb\u00f6z\u0151 kult\u00far\u00e1k, vall\u00e1si \u00e9s etnikai, nemzeti kisebbs\u00e9gek k\u00f6z\u00f6tti meg\u00e9rt\u00e9shez, k\u00f6lcs\u00f6n\u00f6s elfogad\u00e1shoz \u00e9s tisztelethez. Az ifj\u00fas\u00e1gi cser\u00e9nek h\u00e1tr\u00e1nyos helyzet\u0171, kultur\u00e1lis, t\u00e1rsadalmi \u00e9s f\u00f6ldrajzi h\u00e1tr\u00e1nyokkal k\u00fczd\u0151 r\u00e9sztvev\u0151i is voltak.<br>Az ifj\u00fas\u00e1gi csereprogramok hozz\u00e1j\u00e1rultak az eur\u00f3pai gondolkod\u00e1s fejl\u0151d\u00e9s\u00e9hez. Projekt\u00fcnk biztos\u00edtotta a soksz\u00edn\u0171s\u00e9get: 29 k\u00fcl\u00f6nb\u00f6z\u0151 nemzetis\u00e9g\u0171 fiatal t\u00f6lt\u00f6tt egy\u00fctt egy hetet egy idegen orsz\u00e1gban, \u00e9letre sz\u00f3l\u00f3 tapasztalatokat szerezve \u00e9s \u00faj dolgokat tanulva. A program v\u00e9g\u00e9n \u00e1tvett\u00e9k Youthpassukat. A projekt term\u00e9ke egy k\u00e9pkeret elk\u00e9sz\u00edt\u00e9se volt, amely az elfogad\u00e1s, a tolerancia, az egyenl\u0151s\u00e9g egyfajta szimb\u00f3luma. A r\u00e9sztvev\u0151k tal\u00e1lkoztak a helyi \u00e1ltal\u00e1nos iskola di\u00e1kjaival is, akikkel a tornateremben m\u00e9rk\u0151ztek meg, megismertett\u00e9k vel\u00fck a projekt t\u00e9m\u00e1j\u00e1t, \u00e9s bemutatt\u00e1k a projekt v\u00e9gterm\u00e9k\u00e9t: a fot\u00f3keretet.<\/p>\n\n\n\n<p><strong>Az Instagram projekt: <\/strong><a href=\"https:\/\/instagram.com\/_bethechangeproject_?igshid=YmMyMTA2M2Y=\">https:\/\/instagram.com\/_bethechangeproject_?igshid=YmMyMTA2M2Y=<\/a><\/p>\n\n\n\n<p><strong>Lengyel csoport a projektr\u0151l:<\/strong><\/p>\n\n\n\n<p><a href=\"https:\/\/www.facebook.com\/rsmstowarzyszenie\/posts\/pfbid02JFCwbPouoYjP57WS25fiXGBF5jrUTiunhogy2K8YDBF9nXCYDmv6jm58R9fjfyj6l\">https:\/\/www.facebook.com\/rsmstowarzyszenie\/posts\/pfbid02JFCwbPouoYjP57WS25fiXGBF5jrUTiunhogy2K8YDBF9nXCYDmv6jm58R9fjfyj6l<\/a><\/p>\n\n\n\n<p><a href=\"https:\/\/rsm.org.pl\/2882-2\">https:\/\/rsm.org.pl\/2882-2<\/a><\/p>\n\n\n\n<p><a href=\"https:\/\/www.sp1olkusz.pl\/news\/#photos:album:42\">https:\/\/www.sp1olkusz.pl\/news\/#photos:album:42<\/a><\/p>\n\n\n\nngg_shortcode_0_placeholder","protected":false},"excerpt":{"rendered":"<p>V d\u0148och 21.-27.11.2022 sa realizovala ml\u00e1de\u017en\u00edcka v\u00fdmena s 29 \u00fa\u010dastn\u00edkmi. \u00da\u010dastn\u00edci poch\u00e1dzali z Po\u013eska, Loty\u0161ska, Ukrajiny a zo Slovenska. Ka\u017ed\u00fa krajinu reprezentovalo 6+1 \u00fa\u010dastn\u00edkov s v\u00fdnimkou Po\u013eska, odkia\u013e pricestoval aj 1 sprev\u00e1dzaj\u00faci u\u010dite\u013e. Hlavnou t\u00e9mou projektu bola vz\u00e1jomn\u00e1 tolerancia, akceptovanie sa a spozn\u00e1vanie kult\u00farnej odli\u0161nosti. Svetov\u00fd de\u0148 tolerancie sa na celom svete oslavuje 16. novembra. [&hellip;]<\/p>","protected":false},"author":1,"featured_media":0,"parent":0,"menu_order":0,"comment_status":"closed","ping_status":"closed","template":"page-with-title","meta":{"ngg_post_thumbnail":0,"footnotes":""},"class_list":["post-286","page","type-page","status-publish","hentry"],"aioseo_notices":[],"_links":{"self":[{"href":"https:\/\/www.luminosus.sk\/hu\/wp-json\/wp\/v2\/pages\/286","targetHints":{"allow":["GET"]}}],"collection":[{"href":"https:\/\/www.luminosus.sk\/hu\/wp-json\/wp\/v2\/pages"}],"about":[{"href":"https:\/\/www.luminosus.sk\/hu\/wp-json\/wp\/v2\/types\/page"}],"author":[{"embeddable":true,"href":"https:\/\/www.luminosus.sk\/hu\/wp-json\/wp\/v2\/users\/1"}],"replies":[{"embeddable":true,"href":"https:\/\/www.luminosus.sk\/hu\/wp-json\/wp\/v2\/comments?post=286"}],"version-history":[{"count":5,"href":"https:\/\/www.luminosus.sk\/hu\/wp-json\/wp\/v2\/pages\/286\/revisions"}],"predecessor-version":[{"id":1168,"href":"https:\/\/www.luminosus.sk\/hu\/wp-json\/wp\/v2\/pages\/286\/revisions\/1168"}],"wp:attachment":[{"href":"https:\/\/www.luminosus.sk\/hu\/wp-json\/wp\/v2\/media?parent=286"}],"curies":[{"name":"wp","href":"https:\/\/api.w.org\/{rel}","templated":true}]}}