{"id":336,"date":"2025-10-31T10:02:20","date_gmt":"2025-10-31T09:02:20","guid":{"rendered":"https:\/\/www.luminosus.sk\/?page_id=336"},"modified":"2025-11-11T13:15:52","modified_gmt":"2025-11-11T12:15:52","slug":"erasmus-mladeznicka-vymena-big-challenge-2022","status":"publish","type":"page","link":"https:\/\/www.luminosus.sk\/hu\/erasmus-mladeznicka-vymena-big-challenge-2022\/","title":{"rendered":"ERASMUS + IFJ\u00daS\u00c1GI CSEREPROGRAM - 2019-3-SK02-KA105-002321 - BIG CHALLENGE 2022"},"content":{"rendered":"<figure class=\"wp-block-image aligncenter size-full\"><img loading=\"lazy\" decoding=\"async\" width=\"449\" height=\"635\" src=\"https:\/\/www.luminosus.sk\/wp-content\/uploads\/2025\/10\/main-logo-jpg.jpg\" alt=\"\" class=\"wp-image-337\" srcset=\"https:\/\/www.luminosus.sk\/wp-content\/uploads\/2025\/10\/main-logo-jpg.jpg 449w, https:\/\/www.luminosus.sk\/wp-content\/uploads\/2025\/10\/main-logo-jpg-212x300.jpg 212w\" sizes=\"auto, (max-width: 449px) 100vw, 449px\" \/><\/figure>\n\n\n\n<figure class=\"wp-block-image size-full\"><img loading=\"lazy\" decoding=\"async\" width=\"676\" height=\"194\" src=\"https:\/\/www.luminosus.sk\/wp-content\/uploads\/2025\/10\/Erasmus-logo.png\" alt=\"\" class=\"wp-image-214\" srcset=\"https:\/\/www.luminosus.sk\/wp-content\/uploads\/2025\/10\/Erasmus-logo.png 676w, https:\/\/www.luminosus.sk\/wp-content\/uploads\/2025\/10\/Erasmus-logo-300x86.png 300w\" sizes=\"auto, (max-width: 676px) 100vw, 676px\" \/><\/figure>\n\n\n\n<p>A projekt f\u0151 c\u00e9lja az volt, hogy felh\u00edvja a r\u00e9sztvev\u0151k figyelm\u00e9t a m\u0171anyagok k\u00e1ros hat\u00e1saira, valamint hogy n\u00f6velje a k\u00f6rnyezettudatoss\u00e1got \u00e9s \u00f6szt\u00f6n\u00f6zze a szelekt\u00edv hullad\u00e9kgy\u0171jt\u00e9st.\nTov\u00e1bbi c\u00e9lk\u00e9nt t\u0171zt\u00fck ki, hogy a r\u00e9sztvev\u0151k megismerj\u00e9k \u00e9s keress\u00e9k azokat a megold\u00e1sokat, amelyekkel a m\u0171anyagok \u2013 p\u00e9ld\u00e1ul sz\u00edv\u00f3sz\u00e1lak, zacsk\u00f3k vagy bev\u00e1s\u00e1rl\u00f3t\u00e1sk\u00e1k \u2013 cs\u00f6kkenthet\u0151k vagy helyettes\u00edthet\u0151k a h\u00e1ztart\u00e1sokban.<\/p>\n\n\n\n<p>Fontosnak tartottuk azt is, hogy a fiatalok a Szlov\u00e1ki\u00e1ban t\u00f6lt\u00f6tt egyhetes program sor\u00e1n min\u00e9l kevesebb m\u0171anyagot \u00e9s csomagol\u00f3anyagot haszn\u00e1ljanak, \u00e9s igyekezzenek azokat k\u00f6rnyezetbar\u00e1t, alternat\u00edv anyagokkal helyettes\u00edteni.\nEzzel szerett\u00fck volna \u0151ket a k\u00f6rnyezetv\u00e9delem \u00e9s az \u00f6kotudatos \u00e9letm\u00f3d ir\u00e1ny\u00e1ba terelni.<\/p>\n\n\n\n<p>A projekt sor\u00e1n szerencs\u00e9re t\u00f6bb olyan tev\u00e9kenys\u00e9get \u00e9s programot is meg tudtunk val\u00f3s\u00edtani, amelyek a k\u00f6rnyezetv\u00e9delem szellem\u00e9ben zajlottak.\nAz egyik ilyen tev\u00e9kenys\u00e9g a palack-visszav\u00e1lt\u00e1s volt: mivel a m\u0171anyagok teljes kiz\u00e1r\u00e1sa a mindennapi \u00e9letb\u0151l nem lehets\u00e9ges, a r\u00e9sztvev\u0151k a haszn\u00e1lt \u00e9s feleslegess\u00e9 v\u00e1lt PET-palackokat naponta elvitt\u00e9k az \u00fajrahasznos\u00edt\u00e1sra kijel\u00f6lt gy\u0171jt\u0151pontokra.<\/p>\n\n\n\n<p>Egy m\u00e1sik program keret\u00e9ben egy helyi varr\u00f3n\u0151 seg\u00edts\u00e9g\u00e9vel a fiatalok meghallgattak egy r\u00f6vid el\u0151ad\u00e1st arr\u00f3l, hogyan lehet a m\u0171anyag zacsk\u00f3kat saj\u00e1t k\u00e9sz\u00edt\u00e9s\u0171, v\u00e1szon t\u00e1sk\u00e1kra \u00e9s csomagol\u00f3kra cser\u00e9lni.<\/p>\n\n\n\n<p>A k\u00f6vetkez\u0151 tev\u00e9kenys\u00e9g sor\u00e1n a r\u00e9sztvev\u0151k \u00fajrahasznos\u00edtott anyagokb\u00f3l \u2013 p\u00e9ld\u00e1ul m\u0171anyagb\u00f3l, r\u00e9gi ruhadarabokb\u00f3l vagy gombokb\u00f3l \u2013 k\u00e9sz\u00edtettek \u00e9kszereket.\nAhogy mondani szokt\u00e1k, a kreativit\u00e1snak nincsenek hat\u00e1rai, \u00edgy igaz\u00e1n egyedi \u00e9s k\u00fcl\u00f6nleges f\u00fclbeval\u00f3k, kark\u00f6t\u0151k \u00e9s gy\u0171r\u0171k sz\u00fclettek.<\/p>\n\n\n\n<p>A program r\u00e9szek\u00e9nt a fiatalok saj\u00e1t kez\u0171leg s\u00fcthettek h\u00e1zi, ropog\u00f3s kenyeret, mik\u00f6zben megismerkedtek a teljes s\u00fct\u00e9si folyamattal \u2013 az alapanyagok el\u0151k\u00e9sz\u00edt\u00e9s\u00e9t\u0151l \u00e9s a t\u00e9szta keleszt\u00e9s\u00e9t\u0151l kezdve a kemenc\u00e9ben val\u00f3 s\u00fct\u00e9sig, eg\u00e9szen a k\u00e9sz keny\u00e9r t\u00e1lal\u00e1s\u00e1ig.\nEzzel azt szerett\u00fck volna megmutatni, hogy \u00edzletes, friss keny\u00e9r otthon is k\u00f6nnyed\u00e9n elk\u00e9sz\u00edthet\u0151, n\u00e9h\u00e1ny egyszer\u0171 alapanyag felhaszn\u00e1l\u00e1s\u00e1val, amelyek szinte minden h\u00e1ztart\u00e1sban megtal\u00e1lhat\u00f3k.<\/p>\n\n\n\n<p>A gyakorlati tev\u00e9kenys\u00e9gek mellett nagy hangs\u00falyt kaptak a teoretikus foglalkoz\u00e1sok \u00e9s a csoportos aktivit\u00e1sok is.<\/p>\n\n\n\n<p>A projekt r\u00e9sztvev\u0151i Spanyolorsz\u00e1gb\u00f3l, Lengyelorsz\u00e1gb\u00f3l, Magyarorsz\u00e1gr\u00f3l \u00e9s Szlov\u00e1ki\u00e1b\u00f3l \u00e9rkeztek.<\/p>\n\n\n\n<figure class=\"wp-block-embed is-type-video is-provider-youtube wp-block-embed-youtube wp-embed-aspect-16-9 wp-has-aspect-ratio\"><div class=\"wp-block-embed__wrapper\">\n<iframe loading=\"lazy\" title=\"A Big Challenge E+ projekt r\u00e9sztvev\u0151inek \u00e1ttekint\u00e9se\" width=\"500\" height=\"281\" src=\"https:\/\/www.youtube.com\/embed\/qAr0fDI9TxQ?feature=oembed\" frameborder=\"0\" allow=\"accelerometer; autoplay; clipboard-write; encrypted-media; gyroscope; picture-in-picture; web-share\" referrerpolicy=\"strict-origin-when-cross-origin\" allowfullscreen><\/iframe>\n<\/div><\/figure>","protected":false},"excerpt":{"rendered":"<p>Hlavn\u00fdm cie\u013eom projektu bolo zv\u00fd\u0161i\u0165 povedomie \u00fa\u010dastn\u00edkov st\u00e1\u017ee na \u0161kodlivos\u0165 plastov, upriami\u0165 pozornos\u0165 na ochranu \u017eivotn\u00e9ho prostredia, na selekt\u00edvne zbieranie odpadu. Taktie\u017e cie\u013eom bolo h\u013eada\u0165 a n\u00e1js\u0165 rie\u0161enia na minimalizovanie resp. nahr\u00e1dzanie plastov v dom\u00e1cnostiach, ako s\u00fa slamky, s\u00e1\u010dky \u010di n\u00e1kupn\u00e9 ta\u0161ky. Na\u0161ou snahou bolo aj to, aby \u00fa\u010dastn\u00edci po\u010das svojho t\u00fd\u017ed\u0148ov\u00e9ho pobytu na Slovensku [&hellip;]<\/p>","protected":false},"author":1,"featured_media":0,"parent":0,"menu_order":0,"comment_status":"closed","ping_status":"closed","template":"page-with-title","meta":{"ngg_post_thumbnail":0,"footnotes":""},"class_list":["post-336","page","type-page","status-publish","hentry"],"aioseo_notices":[],"_links":{"self":[{"href":"https:\/\/www.luminosus.sk\/hu\/wp-json\/wp\/v2\/pages\/336","targetHints":{"allow":["GET"]}}],"collection":[{"href":"https:\/\/www.luminosus.sk\/hu\/wp-json\/wp\/v2\/pages"}],"about":[{"href":"https:\/\/www.luminosus.sk\/hu\/wp-json\/wp\/v2\/types\/page"}],"author":[{"embeddable":true,"href":"https:\/\/www.luminosus.sk\/hu\/wp-json\/wp\/v2\/users\/1"}],"replies":[{"embeddable":true,"href":"https:\/\/www.luminosus.sk\/hu\/wp-json\/wp\/v2\/comments?post=336"}],"version-history":[{"count":4,"href":"https:\/\/www.luminosus.sk\/hu\/wp-json\/wp\/v2\/pages\/336\/revisions"}],"predecessor-version":[{"id":1169,"href":"https:\/\/www.luminosus.sk\/hu\/wp-json\/wp\/v2\/pages\/336\/revisions\/1169"}],"wp:attachment":[{"href":"https:\/\/www.luminosus.sk\/hu\/wp-json\/wp\/v2\/media?parent=336"}],"curies":[{"name":"wp","href":"https:\/\/api.w.org\/{rel}","templated":true}]}}