{"id":339,"date":"2025-10-31T10:11:27","date_gmt":"2025-10-31T09:11:27","guid":{"rendered":"https:\/\/www.luminosus.sk\/?page_id=339"},"modified":"2025-11-11T13:23:04","modified_gmt":"2025-11-11T12:23:04","slug":"erasmus-mladeznicka-vymena-no-difference-between-us-2019","status":"publish","type":"page","link":"https:\/\/www.luminosus.sk\/hu\/erasmus-mladeznicka-vymena-no-difference-between-us-2019\/","title":{"rendered":"ERASMUS+ IFJ\u00daS\u00c1GI CSEREPROGRAM - 2019-2-SK02-KA105-002217 - NO DIFFERENCE BETWEEN US 2019"},"content":{"rendered":"<figure class=\"wp-block-image aligncenter size-full\"><img loading=\"lazy\" decoding=\"async\" width=\"449\" height=\"381\" src=\"https:\/\/www.luminosus.sk\/wp-content\/uploads\/2025\/10\/LOGO_cjxyn4ga.jpg\" alt=\"\" class=\"wp-image-340\" srcset=\"https:\/\/www.luminosus.sk\/wp-content\/uploads\/2025\/10\/LOGO_cjxyn4ga.jpg 449w, https:\/\/www.luminosus.sk\/wp-content\/uploads\/2025\/10\/LOGO_cjxyn4ga-300x255.jpg 300w\" sizes=\"auto, (max-width: 449px) 100vw, 449px\" \/><\/figure>\n\n\n\n<figure class=\"wp-block-image size-full\"><img loading=\"lazy\" decoding=\"async\" width=\"676\" height=\"194\" src=\"https:\/\/www.luminosus.sk\/wp-content\/uploads\/2025\/10\/Erasmus-logo.png\" alt=\"\" class=\"wp-image-214\" srcset=\"https:\/\/www.luminosus.sk\/wp-content\/uploads\/2025\/10\/Erasmus-logo.png 676w, https:\/\/www.luminosus.sk\/wp-content\/uploads\/2025\/10\/Erasmus-logo-300x86.png 300w\" sizes=\"auto, (max-width: 676px) 100vw, 676px\" \/><\/figure>\n\n\n\n<p class=\"translation-block\">A \u201eNo Difference Between Us!\u201d c\u00edm\u0171 ifj\u00fas\u00e1gi csereprogramra 2020. okt\u00f3ber 14\u201318. k\u00f6z\u00f6tt ker\u00fclt sor Nagykaposon (Ve\u013ek\u00e9 Kapu\u0161any).\n\nA programon Ukrajn\u00e1b\u00f3l, az Egyes\u00fclt Kir\u00e1lys\u00e1gb\u00f3l, Lettorsz\u00e1gb\u00f3l \u00e9s Szlov\u00e1ki\u00e1b\u00f3l \u00e9rkezett fiatalok vettek r\u00e9szt.\nMinden orsz\u00e1gb\u00f3l 7 r\u00e9sztvev\u0151 \u00e9s 1 csoportvezet\u0151 vett r\u00e9szt a projektben, \u00edgy \u00f6sszesen 32 f\u0151 alkotta a nemzetk\u00f6zi csapatot.\n\nA projekt f\u0151 c\u00e9lja az volt, hogy seg\u00edtse a fiatalokat a t\u00e1rsadalmi el\u0151\u00edt\u00e9letek lek\u00fczd\u00e9s\u00e9ben, cs\u00f6kkentse a diszkrimin\u00e1ci\u00f3t, valamint er\u0151s\u00edtse a k\u00f6lcs\u00f6n\u00f6s meg\u00e9rt\u00e9st \u00e9s a t\u00e1rsadalmi soksz\u00edn\u0171s\u00e9g elfogad\u00e1s\u00e1t.\nC\u00e9lunk volt tov\u00e1bb\u00e1 a k\u00fcl\u00f6nb\u00f6z\u0151 kult\u00far\u00e1k k\u00f6z\u00f6tti kapcsolat elm\u00e9ly\u00edt\u00e9se, a k\u00f6lcs\u00f6n\u00f6s tisztelet \u00e9s meg\u00e9rt\u00e9s kialak\u00edt\u00e1sa.<\/p>\n\n\n\n<p>A projekt t\u00e9m\u00e1ja \u2013 az el\u0151\u00edt\u00e9letek lek\u00fczd\u00e9se \u2013 maguknak a fiataloknak a javaslat\u00e1ra sz\u00fcletett meg, amikor \u00faj projekt\u00f6tleteket kerest\u00fcnk.\nAz el\u0151\u00edt\u00e9letek \u00e9s a t\u00e1rsadalmi kirekeszt\u00e9s k\u00e9rd\u00e9se napjaink egyik legjelent\u0151sebb probl\u00e9m\u00e1ja, amely az ut\u00f3bbi \u00e9vekben m\u00e9g aktu\u00e1lisabb\u00e1 \u00e9s \u00e9rz\u00e9kenyebb\u00e9 v\u00e1lt a k\u00fcl\u00f6nb\u00f6z\u0151 nemzetek \u00e9s kisebbs\u00e9gek k\u00f6z\u00f6tti fesz\u00fclts\u00e9gek miatt.\n\nA mi ifj\u00fas\u00e1gi klubunk tagjai szem\u00e9lyesen is tapasztalj\u00e1k ezt a jelens\u00e9get, hiszen Szlov\u00e1ki\u00e1ban magyar nemzetis\u00e9g\u0171 kisebbs\u00e9gk\u00e9nt \u00e9lnek, \u00e9s gyakran tal\u00e1lkoznak negat\u00edv el\u0151\u00edt\u00e9letekkel.\nMivel Eur\u00f3p\u00e1ba egyre t\u00f6bb menek\u00fclt \u00e9s migr\u00e1ns \u00e9rkezik, az intolerancia is egyre er\u0151sebben jelen van a t\u00e1rsadalomban.<\/p>\n\n\n\n<p class=\"translation-block\">A projekt konkr\u00e9t c\u00e9ljai a k\u00f6vetkez\u0151k voltak:\n\naz el\u0151\u00edt\u00e9letek cs\u00f6kkent\u00e9se,\n\na fiatalok el\u0151\u00edt\u00e9leteinek m\u00e9rs\u00e9kl\u00e9se a kisebbs\u00e9gi csoportokkal szemben,\n\na tolerancia \u00e9s szolidarit\u00e1s n\u00f6vel\u00e9se a fiatalok k\u00f6z\u00f6tt,\n\na sztereotip gondolkod\u00e1s cs\u00f6kkent\u00e9se,\n\na soksz\u00edn\u0171s\u00e9g \u00e9s elfogad\u00e1s n\u00e9pszer\u0171s\u00edt\u00e9se.<\/p>\n\n\n\n<p>A projekt egyik c\u00e9lcsoportj\u00e1t a helyi lakosok alkott\u00e1k, akiket a v\u00e1ros utc\u00e1in szervezett akci\u00f3k sor\u00e1n sz\u00f3l\u00edtottunk meg.\nAz egyik ilyen esem\u00e9ny a \u201eGathering Handprints\u201d (K\u00e9znyomatgy\u0171jt\u00e9s) elnevez\u00e9s\u0171 tev\u00e9kenys\u00e9g volt, ahol a fiatalok 13\u201320 \u00e9ves koroszt\u00e1ly\u00e1t igyekezt\u00fcnk bevonni \u00e9s \u00e9rz\u00e9keny\u00edteni a t\u00e9m\u00e1ra.<\/p>\n\n\n\n<p class=\"translation-block\">A k\u00f6z\u00f6s programok \u00e9s a m\u00e1s nemzetis\u00e9g\u0171 fiatalokkal egy\u00fctt t\u00f6lt\u00f6tt id\u0151 sz\u00e1mos pozit\u00edv hat\u00e1ssal volt a r\u00e9sztvev\u0151kre:\n\nfejl\u0151dtek olyan szoci\u00e1lis kompetenci\u00e1ik, mint a tolerancia, szolidarit\u00e1s, \u00e9rzelmi intelligencia, kreativit\u00e1s \u00e9s a multikultur\u00e1lis gondolkod\u00e1s,\n\na fiatalok akt\u00edvan r\u00e9szt vettek saj\u00e1t el\u0151\u00edt\u00e9leteik lebont\u00e1s\u00e1ban, valamint hozz\u00e1j\u00e1rultak a t\u00e1rsadalmi elfogad\u00e1s er\u0151s\u00edt\u00e9s\u00e9hez,\n\nnyitottabb\u00e1 \u00e9s elfogad\u00f3bb\u00e1 v\u00e1ltak,\n\naz interkultur\u00e1lis tanul\u00e1s r\u00e9v\u00e9n m\u00e9lyebben megismert\u00e9k m\u00e1s nemzetek kult\u00far\u00e1j\u00e1t,\n\ntoler\u00e1nsabb\u00e1 v\u00e1ltak a nemzeti \u00e9s etnikai kisebbs\u00e9gekkel szemben,\n\na programok egy r\u00e9sze kifejezetten az el\u0151\u00edt\u00e9letek cs\u00f6kkent\u00e9s\u00e9re ir\u00e1nyult,\n\na kommunik\u00e1ci\u00f3 angol nyelven zajlott, ami fejlesztette a fiatalok sz\u00f3kincs\u00e9t \u00e9s nyelvi k\u00e9szs\u00e9geit.<\/p>\n\n\n\nngg_shortcode_0_placeholder","protected":false},"excerpt":{"rendered":"<p>Ml\u00e1de\u017en\u00edcka v\u00fdmena s n\u00e1zvom No Difference Between Us! sa konala medzi 14-18. okt\u00f3brom 2020 vo Ve\u013ek\u00fdch Kapu\u0161anoch.Z\u00fa\u010dastnen\u00e1 ml\u00e1de\u017e poch\u00e1dzala z Ukrajiny, zo Spojen\u00e9ho Kr\u00e1\u013eovstva, z Loty\u0161ska a zo Slovenska. Z ka\u017edej krajiny bolo 7+1 \u00fa\u010dastn\u00edkov, dokopy ich bolo 32.Hlavn\u00fdm cie\u013eom projektu bolo prekonanie predsudkov a zn\u00ed\u017eenie diskrimin\u00e1cie, zv\u00fd\u0161enie vz\u00e1jomn\u00e9ho porozumenia a akceptovanie soci\u00e1lnej rozmanitosti.Cie\u013eom n\u00e1\u0161ho [&hellip;]<\/p>","protected":false},"author":1,"featured_media":0,"parent":0,"menu_order":0,"comment_status":"closed","ping_status":"closed","template":"page-with-title","meta":{"ngg_post_thumbnail":0,"footnotes":""},"class_list":["post-339","page","type-page","status-publish","hentry"],"aioseo_notices":[],"_links":{"self":[{"href":"https:\/\/www.luminosus.sk\/hu\/wp-json\/wp\/v2\/pages\/339","targetHints":{"allow":["GET"]}}],"collection":[{"href":"https:\/\/www.luminosus.sk\/hu\/wp-json\/wp\/v2\/pages"}],"about":[{"href":"https:\/\/www.luminosus.sk\/hu\/wp-json\/wp\/v2\/types\/page"}],"author":[{"embeddable":true,"href":"https:\/\/www.luminosus.sk\/hu\/wp-json\/wp\/v2\/users\/1"}],"replies":[{"embeddable":true,"href":"https:\/\/www.luminosus.sk\/hu\/wp-json\/wp\/v2\/comments?post=339"}],"version-history":[{"count":3,"href":"https:\/\/www.luminosus.sk\/hu\/wp-json\/wp\/v2\/pages\/339\/revisions"}],"predecessor-version":[{"id":1175,"href":"https:\/\/www.luminosus.sk\/hu\/wp-json\/wp\/v2\/pages\/339\/revisions\/1175"}],"wp:attachment":[{"href":"https:\/\/www.luminosus.sk\/hu\/wp-json\/wp\/v2\/media?parent=339"}],"curies":[{"name":"wp","href":"https:\/\/api.w.org\/{rel}","templated":true}]}}