{"id":34,"date":"2025-10-29T08:10:16","date_gmt":"2025-10-29T07:10:16","guid":{"rendered":"https:\/\/www.luminosus.sk\/kontakt\/"},"modified":"2025-11-21T13:57:35","modified_gmt":"2025-11-21T12:57:35","slug":"kontakt","status":"publish","type":"page","link":"https:\/\/www.luminosus.sk\/hu\/kontakt\/","title":{"rendered":"Kapcsolat"},"content":{"rendered":"<div class=\"wp-block-group alignfull has-background-background-color has-background has-global-padding is-layout-constrained wp-block-group-is-layout-constrained\" id=\"kontakt\" style=\"margin-top:0;margin-bottom:0;padding-top:var(--wp--preset--spacing--60);padding-bottom:var(--wp--preset--spacing--60)\">\n<h2 class=\"wp-block-heading has-text-align-center\">Mi itt vagyunk az \u00d6n sz\u00e1m\u00e1ra!<\/h2>\n\n\n\n<div class=\"wp-block-columns alignwide is-layout-flex wp-container-core-columns-is-layout-08c01c1c wp-block-columns-is-layout-flex\">\n<div class=\"wp-block-column is-layout-flow wp-block-column-is-layout-flow\" style=\"flex-basis:40%\">\n<p class=\"has-medium-font-size\"><strong>Munkat\u00e1rsaink<\/strong><\/p>\n\n\n\n<p class=\"has-small-font-size\">B\u00e1lint Annam\u00e1ria<br>abalint@luminosus.sk<br>+421 904 531358<\/p>\n\n\n\n<p class=\"has-small-font-size\">B\u00e1lint J\u00e1nos<br>info@luminosus.sk, jbalint@inpang.sk<br>+421 903 863625<\/p>\n\n\n\n<p class=\"has-small-font-size\">Megyesi Edina<br>youth@luminosus.sk<br>+421 948 425 645<\/p>\n\n\n\n<p class=\"has-small-font-size\">Gombos Roberta<br>roberta.gombos@luminosus.sk<br>+421 948 425 645<\/p>\n\n\n\n<p class=\"has-small-font-size\">Papp Zsuzsa<br>zuzana.pappova@luminosus.sk<br>+421 948 425 645<\/p>\n\n\n\n<p class=\"has-small-font-size\">T\u00f3th R\u00e9ka<br>office@luminosus.sk<br>+421 948 425 645<\/p>\n<\/div>\n\n\n\n<div class=\"wp-block-column is-layout-flow wp-block-column-is-layout-flow\"><div class=\"wpforms-container wpforms-block wpforms-block-25c2de22-dc09-4674-9742-04543726e70f wpforms-render-modern\" id=\"wpforms-1211\"><form id=\"wpforms-form-1211\" class=\"wpforms-validate wpforms-form wpforms-ajax-form\" data-formid=\"1211\" method=\"post\" enctype=\"multipart\/form-data\" action=\"\/hu\/wp-json\/wp\/v2\/pages\/34\" data-token=\"1b2c43c6b9e39965b8c389fe958ad232\" data-token-time=\"1777132550\" data-trp-original-action=\"\/hu\/wp-json\/wp\/v2\/pages\/34\"><noscript class=\"wpforms-error-noscript\">Please enable JavaScript in your browser to complete this form.<\/noscript><div id=\"wpforms-error-noscript\" style=\"display: none;\">Please enable JavaScript in your browser to complete this form.<\/div><div class=\"wpforms-field-container\">\t\t<div id=\"wpforms-1211-field_1-container\"\n\t\t\tclass=\"wpforms-field wpforms-field-text\"\n\t\t\tdata-field-type=\"text\"\n\t\t\tdata-field-id=\"1\"\n\t\t\t>\n\t\t\t<label class=\"wpforms-field-label\" for=\"wpforms-1211-field_1\" >Predmet Email Spr\u00e1va<\/label>\n\t\t\t<input type=\"text\" id=\"wpforms-1211-field_1\" class=\"wpforms-field-medium\" name=\"wpforms[fields][1]\" >\n\t\t<\/div>\n\t\t<div id=\"wpforms-1211-field_5-container\" class=\"wpforms-field wpforms-field-text\" data-field-id=\"5\"><label class=\"wpforms-field-label\" for=\"wpforms-1211-field_5\">N\u00e9v <span class=\"wpforms-required-label\" aria-hidden=\"true\">*<\/span><\/label><input type=\"text\" id=\"wpforms-1211-field_5\" class=\"wpforms-field-medium wpforms-field-required\" name=\"wpforms[fields][5]\" aria-errormessage=\"wpforms-1211-field_5-error\" required><\/div><div id=\"wpforms-1211-field_2-container\" class=\"wpforms-field wpforms-field-email\" data-field-id=\"2\"><label class=\"wpforms-field-label\" for=\"wpforms-1211-field_2\">E-mail <span class=\"wpforms-required-label\" aria-hidden=\"true\">*<\/span><\/label><input type=\"email\" id=\"wpforms-1211-field_2\" class=\"wpforms-field-medium wpforms-field-required\" name=\"wpforms[fields][2]\" spellcheck=\"false\" aria-errormessage=\"wpforms-1211-field_2-error\" required><\/div><div id=\"wpforms-1211-field_7-container\" class=\"wpforms-field wpforms-field-text\" data-field-id=\"7\"><label class=\"wpforms-field-label\" for=\"wpforms-1211-field_7\">T\u00e1rgy:<\/label><input type=\"text\" id=\"wpforms-1211-field_7\" class=\"wpforms-field-medium\" name=\"wpforms[fields][7]\" aria-errormessage=\"wpforms-1211-field_7-error\" ><\/div><div id=\"wpforms-1211-field_3-container\" class=\"wpforms-field wpforms-field-textarea\" data-field-id=\"3\"><label class=\"wpforms-field-label\" for=\"wpforms-1211-field_3\">\u00dczenet <span class=\"wpforms-required-label\" aria-hidden=\"true\">*<\/span><\/label><textarea id=\"wpforms-1211-field_3\" class=\"wpforms-field-medium wpforms-field-required\" name=\"wpforms[fields][3]\" aria-errormessage=\"wpforms-1211-field_3-error\" required><\/textarea><\/div><script>\n\t\t\t\t( function() {\n\t\t\t\t\tconst style = document.createElement( 'style' );\n\t\t\t\t\tstyle.appendChild( document.createTextNode( '#wpforms-1211-field_1-container { position: absolute !important; overflow: hidden !important; display: inline !important; height: 1px !important; width: 1px !important; z-index: -1000 !important; padding: 0 !important; } #wpforms-1211-field_1-container input { visibility: hidden; } #wpforms-conversational-form-page #wpforms-1211-field_1-container label { counter-increment: none; }' ) );\n\t\t\t\t\tdocument.head.appendChild( style );\n\t\t\t\t\tdocument.currentScript?.remove();\n\t\t\t\t} )();\n\t\t\t<\/script><\/div><!-- .wpforms-field-container --><div class=\"wpforms-submit-container\" ><input type=\"hidden\" name=\"wpforms[id]\" value=\"1211\"><input type=\"hidden\" name=\"page_title\" value=\"\"><input type=\"hidden\" name=\"page_url\" value=\"https:\/\/www.luminosus.sk\/hu\/wp-json\/wp\/v2\/pages\/34\"><input type=\"hidden\" name=\"url_referer\" value=\"\"><button type=\"submit\" name=\"wpforms[submit]\" id=\"wpforms-submit-1211\" class=\"wpforms-submit\" data-alt-text=\"Sending...\" data-submit-text=\"Submit\" aria-live=\"assertive\" value=\"wpforms-submit\">K\u00fcld\u00e9s<\/button><img loading=\"lazy\" decoding=\"async\" src=\"https:\/\/www.luminosus.sk\/wp-content\/plugins\/wpforms-lite\/assets\/images\/submit-spin.svg\" class=\"wpforms-submit-spinner\" style=\"display: none;\" width=\"26\" height=\"26\" alt=\"Loading\"><\/div><input type=\"hidden\" name=\"trp-form-language\" value=\"hu\"\/><\/form><\/div>  <!-- .wpforms-container --><\/div>\n<\/div>\n<\/div>","protected":false},"excerpt":{"rendered":"<p>Sme tu pre V\u00e1s! Na\u0161i pracovn\u00edci Annam\u00e1ria B\u00e1lintabalint@luminosus.sk+421 904 531358 J\u00e1n B\u00e1lintinfo@luminosus.sk, jbalint@inpang.sk+421 903 863625 Edina Megyesiov\u00e1youth@luminosus.sk+421 948 425 645 Roberta Gombo\u0161roberta.gombos@luminosus.sk+421 948 425 645 Zuzana Pappov\u00e1zuzana.pappova@luminosus.sk+421 948 425 645 R\u00e9ka T\u00f3thoffice@luminosus.sk+421 948 425 645<\/p>","protected":false},"author":1,"featured_media":0,"parent":0,"menu_order":0,"comment_status":"closed","ping_status":"closed","template":"page-with-title","meta":{"ngg_post_thumbnail":0,"footnotes":""},"class_list":["post-34","page","type-page","status-publish","hentry"],"aioseo_notices":[],"_links":{"self":[{"href":"https:\/\/www.luminosus.sk\/hu\/wp-json\/wp\/v2\/pages\/34","targetHints":{"allow":["GET"]}}],"collection":[{"href":"https:\/\/www.luminosus.sk\/hu\/wp-json\/wp\/v2\/pages"}],"about":[{"href":"https:\/\/www.luminosus.sk\/hu\/wp-json\/wp\/v2\/types\/page"}],"author":[{"embeddable":true,"href":"https:\/\/www.luminosus.sk\/hu\/wp-json\/wp\/v2\/users\/1"}],"replies":[{"embeddable":true,"href":"https:\/\/www.luminosus.sk\/hu\/wp-json\/wp\/v2\/comments?post=34"}],"version-history":[{"count":4,"href":"https:\/\/www.luminosus.sk\/hu\/wp-json\/wp\/v2\/pages\/34\/revisions"}],"predecessor-version":[{"id":1215,"href":"https:\/\/www.luminosus.sk\/hu\/wp-json\/wp\/v2\/pages\/34\/revisions\/1215"}],"wp:attachment":[{"href":"https:\/\/www.luminosus.sk\/hu\/wp-json\/wp\/v2\/media?parent=34"}],"curies":[{"name":"wp","href":"https:\/\/api.w.org\/{rel}","templated":true}]}}