{"id":515,"date":"2025-10-31T11:44:19","date_gmt":"2025-10-31T10:44:19","guid":{"rendered":"https:\/\/www.luminosus.sk\/?page_id=515"},"modified":"2025-10-31T11:44:20","modified_gmt":"2025-10-31T10:44:20","slug":"boli-sme-partnermi","status":"publish","type":"page","link":"https:\/\/www.luminosus.sk\/hu\/boli-sme-partnermi\/","title":{"rendered":"Partnerek voltunk"},"content":{"rendered":"<p>ERASMUS+ programjaink az egri alap\u00edtv\u00e1nyokkal<\/p>\n\n\n\n<p class=\"translation-block\">2023-ban folytattuk egy\u00fcttm\u0171k\u00f6d\u00e9s\u00fcnket az Egerben m\u0171k\u00f6d\u0151 K\u00e1rp\u00e1tikum Alap\u00edtv\u00e1nnyal, akikkel t\u00f6bb mint t\u00edz \u00e9ve dolgozunk egy\u00fctt a nem-form\u00e1lis oktat\u00e1s ter\u00fclet\u00e9n.\nAz Ung-vid\u00e9ki fiatalokon k\u00edv\u00fcl r\u00e9sztvev\u0151ket h\u00edvtunk F\u00fclekr\u0151l is, hogy m\u00e9g t\u00f6bb fels\u0151-magyarorsz\u00e1gi fiatal csatlakozhasson az ifj\u00fas\u00e1gi csereprogramokhoz.<\/p>\n\n\n\n<p>A K\u00e1rp\u00e1tikum Alap\u00edtv\u00e1nnyal a k\u00f6vetkez\u0151 Erasmus+ programokban m\u0171k\u00f6dt\u00fcnk egy\u00fctt:<\/p>\n\n\n\n<p><strong>\u201eLet's do it ourselves!\u201d projektinform\u00e1ci\u00f3<\/strong><br><a href=\"http:\/\/karpatikum.hu\/ldioprog.php\">http:\/\/karpatikum.hu\/ldioprog.php<\/a><\/p>\n\n\n\n<p><strong>\u201e1920 - 2020 - 2050\u201c projektinform\u00e1ci\u00f3<\/strong><br><a href=\"http:\/\/karpatikum.hu\/1920prog.php\">http:\/\/karpatikum.hu\/1920prog.php<\/a><\/p>\n\n\n\n<p><strong>\u201cVoluntary simplicity\u201d projektinform\u00e1ci\u00f3<\/strong><br><a href=\"http:\/\/karpatikum.hu\/volprog.php\">http:\/\/karpatikum.hu\/volprog.php<\/a><\/p>\n\n\n\n<p><strong>\u201cVoluntary simplicity\u201d projekt - sz\u00f3r\u00f3lap itt:<\/strong><br><a href=\"http:\/\/karpatikum.hu\/volkiadv.php\">http:\/\/karpatikum.hu\/volkiadv.php<\/a><\/p>\n\n\n\n<p>2019. \u00e1prilis 6-14. - <strong>\u201eSWOT in NATURE\u201c:<\/strong> program angol nyelven (helysz\u00edn: Noszvaj-V\u00e1rk\u00fat)<br>2019. okt\u00f3ber 12-20. - <strong>\u201eKitchen ABC:<\/strong> program angol nyelven (helysz\u00edn: Fels\u0151t\u00e1rk\u00e1ny)<br>2019. november 3-10. - <strong>\u201eReturn to our natural values\u201c (\u201eVisszat\u00e9r\u00e9s a term\u00e9szetes \u00e9rt\u00e9keinkhez\u201c):<\/strong> magyar nyelv\u0171 program (helysz\u00edn: B\u00e1lv\u00e1nyosf\u00fcrd\u0151, Erd\u00e9ly)<\/p>\n\n\n\n<p><strong>\u201cReturn to our natural values\u201c projekt - sz\u00f3r\u00f3lap itt:<\/strong><br><a href=\"http:\/\/karpatikum.hu\/doc\/visszatkiadv.pdf\">http:\/\/karpatikum.hu\/doc\/visszatkiadv.pdf<\/a><\/p>\n\n\n\n<p><strong>\u201cReturn to our natural values\u201d projektinform\u00e1ci\u00f3:<\/strong><br><a href=\"http:\/\/karpatikum.hu\/erasmus.php\">http:\/\/karpatikum.hu\/erasmus.php<\/a><\/p>\n\n\n\n<p class=\"translation-block\">Agria Geogr\u00e1fia Alap\u00edtv\u00e1nnyal k\u00f6z\u00f6sen val\u00f3s\u00edtottuk meg az al\u00e1bbi Erasmus+ programot:<\/p>\n\n\n\n<ol start=\"31\" class=\"wp-block-list\">\n<li>augusztus 2019 - 2019. szeptember 9. - <strong>\u201eA mi kis falunk\u201c:<\/strong> magyar nyelv\u0171 program (helysz\u00edn: Noszvaj-V\u00e1rk\u00fat)<\/li>\n<\/ol>\n\n\n\n<p>A k\u00f6vetkez\u0151 magyarorsz\u00e1gi ifj\u00fas\u00e1gi cser\u00e9n vett\u00fcnk r\u00e9szt: <strong>\u201eA mi kis falunk\u201c<\/strong>A program sor\u00e1n a fiatalok megosztott\u00e1k egym\u00e1ssal a vid\u00e9ki \u00e9let sz\u00e9ps\u00e9geit \u00e9s kih\u00edv\u00e1sait, k\u00f6z\u00f6sen vizsg\u00e1lt\u00e1k a vid\u00e9ki probl\u00e9m\u00e1k megold\u00e1si lehet\u0151s\u00e9geit, \u00e9s megtapasztalt\u00e1k, milyen egy kis falu \u00e9let\u00e9ben \u00e9lni.\nTov\u00e1bb\u00e1 besz\u00e9lgett\u00fcnk arr\u00f3l, hogy a fiatalok hogyan teremthetnek maguknak munkalehet\u0151s\u00e9get, p\u00e9ld\u00e1ul kisv\u00e1llalkoz\u00e1s ind\u00edt\u00e1sa, k\u00e9zm\u0171ves term\u00e9kek k\u00e9sz\u00edt\u00e9se, n\u00f6v\u00e9nyek \u00e9s gy\u00fcm\u00f6lcs termeszt\u00e9se, valamint az ezekb\u0151l sz\u00e1rmaz\u00f3 term\u00e9kek \u00e9rt\u00e9kes\u00edt\u00e9se.<br><a href=\"http:\/\/agriageografia.hu\/mikiskiadv.php\">http:\/\/agriageografia.hu\/mikiskiadv.php<\/a><\/p>\n\n\n\n<p class=\"translation-block\">2019. szeptember 12\u201314. \u201eBack to the nature\u201d program a K\u00e1rp\u00e1tkanyar Egyes\u00fclettel Sepsiszentgy\u00f6rgy\u00f6n, angol nyelven.\nA transzilv\u00e1n projekt r\u00e9sztvev\u0151i Lengyelorsz\u00e1gb\u00f3l, K\u00e1rp\u00e1talj\u00e1r\u00f3l, Sz\u00e9kelyf\u00f6ldr\u0151l \u00e9s Fels\u0151-Magyarorsz\u00e1gr\u00f3l \u00e9rkeztek, a programot Kajati Gy\u00f6rgy egri oktat\u00f3 is seg\u00edtette facilit\u00e1tork\u00e9nt.<\/p>\n\n\n\n<p>A tanulm\u00e1nyi program f\u0151 c\u00e9lja az volt, hogy a r\u00e9sztvev\u0151k a j\u00f6v\u0151ben otthon is alkalmazhass\u00e1k a tanult j\u00f3 gyakorlatokat, \u00e9s hogy a h\u00e1tr\u00e1nyos helyzet\u0171 fiatalok hat\u00e9konyabban tudjanak elhelyezkedni a munkaer\u0151piacon, mindig v\u00e9dve a term\u00e9szetet \u00e9s a k\u00f6rnyezetet.<\/p>\n\n\n\n<p><strong>\u201eKitchen ABC\u201c projekt - sz\u00f3r\u00f3lapok itt:<\/strong><br><a href=\"http:\/\/karpatikum.hu\/doc\/Kitchen_ABC_HUN.pdf\">http:\/\/karpatikum.hu\/doc\/Kitchen_ABC_HUN.pdf<\/a><br>http:\/\/karpatikum.hu\/doc\/Kitchen_ABC_ENG.pdf<\/p>\n\n\n\n<p><strong>A \u201eKitchen ABC\u201c projektr\u0151l:<\/strong><br><a href=\"http:\/\/karpatikum.hu\/kitchenkonyha.php\">http:\/\/karpatikum.hu\/kitchenkonyha.php<\/a><\/p>","protected":false},"excerpt":{"rendered":"<p>Na\u0161e programy ERASMUS+ v spolupr\u00e1ci s nad\u00e1ciami z mesta Eger V roku 2023 sme pokra\u010dovali v spolupr\u00e1ci s Nad\u00e1ciou K\u00e1rp\u00e1tikum so s\u00eddlom v Egeri, s ktorou spolupracujeme u\u017e viac ako desa\u0165 rokov v oblasti neform\u00e1lneho vzdel\u00e1vania. Okrem mlad\u00fdch \u013eud\u00ed z regi\u00f3nu Ung sme pozvali aj \u00fa\u010dastn\u00edkov z okolia Fi\u013eakova, aby sme umo\u017enili v\u00e4\u010d\u0161iemu po\u010dtu mlad\u00fdch [&hellip;]<\/p>","protected":false},"author":1,"featured_media":0,"parent":0,"menu_order":0,"comment_status":"closed","ping_status":"closed","template":"page-with-title","meta":{"ngg_post_thumbnail":0,"footnotes":""},"class_list":["post-515","page","type-page","status-publish","hentry"],"aioseo_notices":[],"_links":{"self":[{"href":"https:\/\/www.luminosus.sk\/hu\/wp-json\/wp\/v2\/pages\/515","targetHints":{"allow":["GET"]}}],"collection":[{"href":"https:\/\/www.luminosus.sk\/hu\/wp-json\/wp\/v2\/pages"}],"about":[{"href":"https:\/\/www.luminosus.sk\/hu\/wp-json\/wp\/v2\/types\/page"}],"author":[{"embeddable":true,"href":"https:\/\/www.luminosus.sk\/hu\/wp-json\/wp\/v2\/users\/1"}],"replies":[{"embeddable":true,"href":"https:\/\/www.luminosus.sk\/hu\/wp-json\/wp\/v2\/comments?post=515"}],"version-history":[{"count":1,"href":"https:\/\/www.luminosus.sk\/hu\/wp-json\/wp\/v2\/pages\/515\/revisions"}],"predecessor-version":[{"id":516,"href":"https:\/\/www.luminosus.sk\/hu\/wp-json\/wp\/v2\/pages\/515\/revisions\/516"}],"wp:attachment":[{"href":"https:\/\/www.luminosus.sk\/hu\/wp-json\/wp\/v2\/media?parent=515"}],"curies":[{"name":"wp","href":"https:\/\/api.w.org\/{rel}","templated":true}]}}