{"id":683,"date":"2025-11-07T14:09:52","date_gmt":"2025-11-07T13:09:52","guid":{"rendered":"https:\/\/www.luminosus.sk\/?page_id=683"},"modified":"2025-11-07T14:09:53","modified_gmt":"2025-11-07T13:09:53","slug":"erasmus-partnerstva-up-skills","status":"publish","type":"page","link":"https:\/\/www.luminosus.sk\/hu\/erasmus-partnerstva-up-skills\/","title":{"rendered":"Erasmus+ partners\u00e9gek - UP SKILLS!"},"content":{"rendered":"<figure class=\"wp-block-image size-full\"><img loading=\"lazy\" decoding=\"async\" width=\"676\" height=\"194\" src=\"https:\/\/www.luminosus.sk\/wp-content\/uploads\/2025\/10\/Erasmus-logo.png\" alt=\"\" class=\"wp-image-214\" srcset=\"https:\/\/www.luminosus.sk\/wp-content\/uploads\/2025\/10\/Erasmus-logo.png 676w, https:\/\/www.luminosus.sk\/wp-content\/uploads\/2025\/10\/Erasmus-logo-300x86.png 300w\" sizes=\"auto, (max-width: 676px) 100vw, 676px\" \/><\/figure>\n\n\n\n<p>2023-1-SK02-KA210-YOU-000166649<\/p>\n\n\n\n<p>01. 10. 2023 - 31. 12. 2024<\/p>\n\n\n\n<p>A projekt a modern digit\u00e1lis technol\u00f3gi\u00e1kra \u00e9s a fiatalok k\u00e9pz\u00e9s\u00e9re \u00f6sszpontos\u00edt a k\u00f6vetkez\u0151 ter\u00fcleteken: VR, AI, Metaverse.<\/p>\n\n\n\n<p><a href=\"https:\/\/www.upskills.sk\/\">A projektr\u0151l<\/a><\/p>\n\n\n\n<figure class=\"wp-block-image aligncenter size-full\"><img loading=\"lazy\" decoding=\"async\" width=\"449\" height=\"354\" src=\"https:\/\/www.luminosus.sk\/wp-content\/uploads\/2025\/10\/Up-skills-logo.jpg\" alt=\"\" class=\"wp-image-91\" srcset=\"https:\/\/www.luminosus.sk\/wp-content\/uploads\/2025\/10\/Up-skills-logo.jpg 449w, https:\/\/www.luminosus.sk\/wp-content\/uploads\/2025\/10\/Up-skills-logo-300x237.jpg 300w\" sizes=\"auto, (max-width: 449px) 100vw, 449px\" \/><\/figure>","protected":false},"excerpt":{"rendered":"<p>2023-1-SK02-KA210-YOU-000166649 01. 10. 2023 \u2013 31. 12. 2024 Projekt je zameran\u00fd na modern\u00e9 digit\u00e1lne technol\u00f3gie a \u0161kolenie ml\u00e1de\u017ee v t\u00fdchto oblastiach: VR, AI, Metaverse. Str\u00e1nka projektu<\/p>","protected":false},"author":1,"featured_media":0,"parent":0,"menu_order":0,"comment_status":"closed","ping_status":"closed","template":"page-with-title","meta":{"ngg_post_thumbnail":0,"footnotes":""},"class_list":["post-683","page","type-page","status-publish","hentry"],"aioseo_notices":[],"_links":{"self":[{"href":"https:\/\/www.luminosus.sk\/hu\/wp-json\/wp\/v2\/pages\/683","targetHints":{"allow":["GET"]}}],"collection":[{"href":"https:\/\/www.luminosus.sk\/hu\/wp-json\/wp\/v2\/pages"}],"about":[{"href":"https:\/\/www.luminosus.sk\/hu\/wp-json\/wp\/v2\/types\/page"}],"author":[{"embeddable":true,"href":"https:\/\/www.luminosus.sk\/hu\/wp-json\/wp\/v2\/users\/1"}],"replies":[{"embeddable":true,"href":"https:\/\/www.luminosus.sk\/hu\/wp-json\/wp\/v2\/comments?post=683"}],"version-history":[{"count":1,"href":"https:\/\/www.luminosus.sk\/hu\/wp-json\/wp\/v2\/pages\/683\/revisions"}],"predecessor-version":[{"id":684,"href":"https:\/\/www.luminosus.sk\/hu\/wp-json\/wp\/v2\/pages\/683\/revisions\/684"}],"wp:attachment":[{"href":"https:\/\/www.luminosus.sk\/hu\/wp-json\/wp\/v2\/media?parent=683"}],"curies":[{"name":"wp","href":"https:\/\/api.w.org\/{rel}","templated":true}]}}